{"id":1317416,"date":"2026-02-16T10:58:18","date_gmt":"2026-02-16T08:58:18","guid":{"rendered":"https:\/\/digibit.ee\/tooted\/maaratlemata\/victrola-century-signature-musiikkikeskus-musta\/"},"modified":"2026-04-10T21:11:52","modified_gmt":"2026-04-10T18:11:52","slug":"victrola-century-signature-musiikkikeskus-musta","status":"publish","type":"product","link":"https:\/\/digibit.ee\/en\/product\/victrola-century-signature-musiikkikeskus-musta\/","title":{"rendered":"Victrola Century Signature music center, black"},"content":{"rendered":"<p>Victrola Century Signature. Malli: Hihnak\u00e4ytt\u00f6inen levysoitin, Tuotteen v\u00e4ri: musta, Levylautasen materiaali: Muovi. Bluetooth-profiilit: A2DP, AVRCP, Bluetooth-kantama: 10 m. Virrankulutus: 24 W, AC-adapterin sy\u00f6tt\u00f6j\u00e4nnite: 100 &#8211; 240 V, AC-adapterin taajuus: 50\/60 Hz. Tuotteen leveys: 411 mm, Tuotteen syvyys: 379 mm, Tuotteen korkeus: 198 mm<\/p>\n","protected":false},"excerpt":{"rendered":"<ul>\n<li>3-speed belt-driven turntable<\/li>\n<li>Built-in stereo speakers<\/li>\n<li>Bluetooth connection and AUX input<\/li>\n<li>CD and cassette player<\/li>\n<li>RCA and headphone connections<\/li>\n<\/ul>\n","protected":false},"featured_media":999999999,"template":"","meta":{"_acf_changed":false},"product_brand":[],"product_cat":[16730,16895,16896],"product_tag":[],"class_list":{"0":"post-1317416","1":"product","2":"type-product","3":"status-publish","4":"has-post-thumbnail","6":"product_cat-audio-ja-hifi","7":"product_cat-muusikariistad","8":"product_cat-vinyylisoittimet","10":"first","11":"instock","12":"taxable","13":"shipping-taxable","14":"purchasable","15":"product-type-simple"},"acf":[],"_links":{"self":[{"href":"https:\/\/digibit.ee\/en\/wp-json\/wp\/v2\/product\/1317416","targetHints":{"allow":["GET"]}}],"collection":[{"href":"https:\/\/digibit.ee\/en\/wp-json\/wp\/v2\/product"}],"about":[{"href":"https:\/\/digibit.ee\/en\/wp-json\/wp\/v2\/types\/product"}],"wp:featuredmedia":[{"embeddable":true,"href":"https:\/\/digibit.ee\/en\/wp-json\/"}],"wp:attachment":[{"href":"https:\/\/digibit.ee\/en\/wp-json\/wp\/v2\/media?parent=1317416"}],"wp:term":[{"taxonomy":"product_brand","embeddable":true,"href":"https:\/\/digibit.ee\/en\/wp-json\/wp\/v2\/product_brand?post=1317416"},{"taxonomy":"product_cat","embeddable":true,"href":"https:\/\/digibit.ee\/en\/wp-json\/wp\/v2\/product_cat?post=1317416"},{"taxonomy":"product_tag","embeddable":true,"href":"https:\/\/digibit.ee\/en\/wp-json\/wp\/v2\/product_tag?post=1317416"}],"curies":[{"name":"wp","href":"https:\/\/api.w.org\/{rel}","templated":true}]}}