{"id":1317367,"date":"2026-02-16T10:58:13","date_gmt":"2026-02-16T08:58:13","guid":{"rendered":"https:\/\/digibit.ee\/tooted\/maaratlemata\/aeg-7000-glasscare-astianpesukone-integroitava-fse77728p\/"},"modified":"2026-04-11T09:35:58","modified_gmt":"2026-04-11T06:35:58","slug":"aeg-7000-glasscare-astianpesukone-integroitava-fse77728p","status":"publish","type":"product","link":"https:\/\/digibit.ee\/en\/product\/aeg-7000-glasscare-astianpesukone-integroitava-fse77728p\/","title":{"rendered":"AEG 7000 GlassCare dishwasher, built-in (FSE77728P)"},"content":{"rendered":"<p>AEG FSE77728P. Laitteen sijoitus: T\u00e4ysin integroitu, Tuotteen koko: Kokonaiskoko (60 cm), Ohjauspaneelin v\u00e4ri: musta. Paikkoja: 14 paikkoja, Melup\u00e4\u00e4st\u00f6luokka: B, Melutaso: 42 dB. Energialuokka: A, Vedenkulutus per sykli: 10,9 L, Energiankulutus 100 sykli\u00e4 kohti: 49 kWh. Tuotteen leveys: 596 mm, Tuotteen syvyys: 560 mm, Tuotteen korkeus: 818 mm. AEG-teknologiat (astianpesu): QuickSelect\u00ae, SoftGrips, SoftSpikes, Time Beam<\/p>\n","protected":false},"excerpt":{"rendered":"<ul>\n<li>Energy class A<\/li>\n<li>Noise level 42 dB<\/li>\n<li>Loading capacity 14 place settings<\/li>\n<li>Level 3 for cutlery<\/li>\n<li>SatelliteClean<\/li>\n<\/ul>\n","protected":false},"featured_media":999999999,"template":"","meta":{"_acf_changed":false},"product_brand":[],"product_cat":[16967],"product_tag":[],"class_list":{"0":"post-1317367","1":"product","2":"type-product","3":"status-publish","4":"has-post-thumbnail","6":"product_cat-kodumasinad","8":"first","9":"onbackorder","10":"taxable","11":"shipping-taxable","12":"purchasable","13":"product-type-simple"},"acf":[],"_links":{"self":[{"href":"https:\/\/digibit.ee\/en\/wp-json\/wp\/v2\/product\/1317367","targetHints":{"allow":["GET"]}}],"collection":[{"href":"https:\/\/digibit.ee\/en\/wp-json\/wp\/v2\/product"}],"about":[{"href":"https:\/\/digibit.ee\/en\/wp-json\/wp\/v2\/types\/product"}],"wp:featuredmedia":[{"embeddable":true,"href":"https:\/\/digibit.ee\/en\/wp-json\/"}],"wp:attachment":[{"href":"https:\/\/digibit.ee\/en\/wp-json\/wp\/v2\/media?parent=1317367"}],"wp:term":[{"taxonomy":"product_brand","embeddable":true,"href":"https:\/\/digibit.ee\/en\/wp-json\/wp\/v2\/product_brand?post=1317367"},{"taxonomy":"product_cat","embeddable":true,"href":"https:\/\/digibit.ee\/en\/wp-json\/wp\/v2\/product_cat?post=1317367"},{"taxonomy":"product_tag","embeddable":true,"href":"https:\/\/digibit.ee\/en\/wp-json\/wp\/v2\/product_tag?post=1317367"}],"curies":[{"name":"wp","href":"https:\/\/api.w.org\/{rel}","templated":true}]}}