{"id":1317352,"date":"2026-02-16T10:58:12","date_gmt":"2026-02-16T08:58:12","guid":{"rendered":"https:\/\/digibit.ee\/tooted\/maaratlemata\/varta-aluminium-light-f30-pro-taskulamppu\/"},"modified":"2026-04-21T18:24:34","modified_gmt":"2026-04-21T15:24:34","slug":"varta-aluminium-light-f30-pro-taskulamppu","status":"publish","type":"product","link":"https:\/\/digibit.ee\/en\/product\/varta-aluminium-light-f30-pro-taskulamppu\/","title":{"rendered":"Varta Aluminium Light F30 Pro flashlight"},"content":{"rendered":"<p>Varta F30 Pro. Salamavalon malli: K\u00e4sikokoinen taskulamppu, Tuotteen v\u00e4ri: musta, Kotelon materiaali: Alumiini, Polykarbonaatti (PC), Kumi, Silikoni. Iskunkest\u00e4v\u00e4: 1 m. Lampputyyppi: LED, Valovirta: 400 lm, Valovirta (min.): 400 lm. Akkutyyppi: AAA, Akun j\u00e4nnite: 1,5 V. Tuotteen syvyys: 128,7 mm, Paino: 144,2 g, P\u00e4\u00e4n halkaisija: 3,6 cm<\/p>\n","protected":false},"excerpt":{"rendered":"<ul>\n<li>400 lm, Operating time 70 h<\/li>\n<li>Beam range: 150 m<\/li>\n<li>Efficient LED burner, 3 light levels<\/li>\n<li>Impact-resistant (1m) lens<\/li>\n<li>Includes 3x AAA batteries and a mounting clip.<\/li>\n<\/ul>\n","protected":false},"featured_media":999999999,"template":"","meta":{"_acf_changed":false},"product_brand":[],"product_cat":[17612,16761,18339],"product_tag":[],"class_list":{"0":"post-1317352","1":"product","2":"type-product","3":"status-publish","4":"has-post-thumbnail","6":"product_cat-spordivalgustid","7":"product_cat-sport","8":"product_cat-taskulamput","10":"first","11":"instock","12":"taxable","13":"shipping-taxable","14":"purchasable","15":"product-type-simple"},"acf":[],"_links":{"self":[{"href":"https:\/\/digibit.ee\/en\/wp-json\/wp\/v2\/product\/1317352","targetHints":{"allow":["GET"]}}],"collection":[{"href":"https:\/\/digibit.ee\/en\/wp-json\/wp\/v2\/product"}],"about":[{"href":"https:\/\/digibit.ee\/en\/wp-json\/wp\/v2\/types\/product"}],"wp:featuredmedia":[{"embeddable":true,"href":"https:\/\/digibit.ee\/en\/wp-json\/"}],"wp:attachment":[{"href":"https:\/\/digibit.ee\/en\/wp-json\/wp\/v2\/media?parent=1317352"}],"wp:term":[{"taxonomy":"product_brand","embeddable":true,"href":"https:\/\/digibit.ee\/en\/wp-json\/wp\/v2\/product_brand?post=1317352"},{"taxonomy":"product_cat","embeddable":true,"href":"https:\/\/digibit.ee\/en\/wp-json\/wp\/v2\/product_cat?post=1317352"},{"taxonomy":"product_tag","embeddable":true,"href":"https:\/\/digibit.ee\/en\/wp-json\/wp\/v2\/product_tag?post=1317352"}],"curies":[{"name":"wp","href":"https:\/\/api.w.org\/{rel}","templated":true}]}}