{"id":1317348,"date":"2026-02-16T10:58:12","date_gmt":"2026-02-16T08:58:12","guid":{"rendered":"https:\/\/digibit.ee\/tooted\/maaratlemata\/varta-night-cutter-pro-f20r-taskulamppu\/"},"modified":"2026-04-10T18:24:56","modified_gmt":"2026-04-10T15:24:56","slug":"varta-night-cutter-pro-f20r-taskulamppu","status":"publish","type":"product","link":"https:\/\/digibit.ee\/en\/product\/varta-night-cutter-pro-f20r-taskulamppu\/","title":{"rendered":"Varta Night Cutter Pro F20R flashlight"},"content":{"rendered":"<p>Varta Night Cutter Pro F40R. Salamavalon malli: K\u00e4sikokoinen taskulamppu, Tuotteen v\u00e4ri: musta, Kotelon materiaali: ABS-synteettinen, Alumiini, Polykarbonaatti (PC), Silikoni. International Protection (IP)-koodi: IP67. Lampputyyppi: LED, Lamppujen m\u00e4\u00e4r\u00e4: 1 lamppua, Valovirta: 2000 lm. Latausl\u00e4hde: USB, Akkuteknologia: Litiumioni (Li-Ion), Akun kapasiteetti: 2600 mAh. Tuotteen leveys: 44 mm, Tuotteen syvyys: 44 mm, Tuotteen korkeus: 234 mm<\/p>\n","protected":false},"excerpt":{"rendered":"<ul>\n<li>Shock-resistant (2m drop)<\/li>\n<li>Waterproof (IP67)<\/li>\n<li>Light output up to 1000 lumens<\/li>\n<li>Beam range up to 200 meters<\/li>\n<li>Operating time up to 22 hours<\/li>\n<\/ul>\n","protected":false},"featured_media":999999999,"template":"","meta":{"_acf_changed":false},"product_brand":[],"product_cat":[17612,16761,18339],"product_tag":[],"class_list":{"0":"post-1317348","1":"product","2":"type-product","3":"status-publish","4":"has-post-thumbnail","6":"product_cat-spordivalgustid","7":"product_cat-sport","8":"product_cat-taskulamput","10":"first","11":"instock","12":"taxable","13":"shipping-taxable","14":"purchasable","15":"product-type-simple"},"acf":[],"_links":{"self":[{"href":"https:\/\/digibit.ee\/en\/wp-json\/wp\/v2\/product\/1317348","targetHints":{"allow":["GET"]}}],"collection":[{"href":"https:\/\/digibit.ee\/en\/wp-json\/wp\/v2\/product"}],"about":[{"href":"https:\/\/digibit.ee\/en\/wp-json\/wp\/v2\/types\/product"}],"wp:featuredmedia":[{"embeddable":true,"href":"https:\/\/digibit.ee\/en\/wp-json\/"}],"wp:attachment":[{"href":"https:\/\/digibit.ee\/en\/wp-json\/wp\/v2\/media?parent=1317348"}],"wp:term":[{"taxonomy":"product_brand","embeddable":true,"href":"https:\/\/digibit.ee\/en\/wp-json\/wp\/v2\/product_brand?post=1317348"},{"taxonomy":"product_cat","embeddable":true,"href":"https:\/\/digibit.ee\/en\/wp-json\/wp\/v2\/product_cat?post=1317348"},{"taxonomy":"product_tag","embeddable":true,"href":"https:\/\/digibit.ee\/en\/wp-json\/wp\/v2\/product_tag?post=1317348"}],"curies":[{"name":"wp","href":"https:\/\/api.w.org\/{rel}","templated":true}]}}