{"id":1317344,"date":"2026-02-16T10:58:11","date_gmt":"2026-02-16T08:58:11","guid":{"rendered":"https:\/\/digibit.ee\/tooted\/maaratlemata\/varta-indestructible-h20-pro-otsavalo\/"},"modified":"2026-04-10T18:24:55","modified_gmt":"2026-04-10T15:24:55","slug":"varta-indestructible-h20-pro-otsavalo","status":"publish","type":"product","link":"https:\/\/digibit.ee\/en\/product\/varta-indestructible-h20-pro-otsavalo\/","title":{"rendered":"Varta Indestructible H20 Pro headlamp"},"content":{"rendered":"<p>Varta INDESTRUCTIBLE H20 PRO. Salamavalon malli: Taskulamppu otsanauhalla, Tuotteen v\u00e4ri: musta. Iskunkest\u00e4v\u00e4: 3 m, International Protection (IP)-koodi: IP67. Lampputyyppi: LED, Lampun teho: 4 W, Valovirta: 350 lm. Akkutyyppi: AAA, Akun k\u00e4ytt\u00f6ik\u00e4 (maks.): 23 h. Lukum\u00e4\u00e4r\u00e4 per pakkaus: 1 kpl<\/p>\n","protected":false},"excerpt":{"rendered":"<ul>\n<li>Extremely durable (3m drop test)<\/li>\n<li>Impact resistance rating IK08 (IEC 62262)<\/li>\n<li>water- and dust-resistant (IP67)<\/li>\n<li>Luminous flux 350 lm<\/li>\n<li>Beam range 100 m, operating time up to 23 h<\/li>\n<\/ul>\n","protected":false},"featured_media":999999999,"template":"","meta":{"_acf_changed":false},"product_brand":[],"product_cat":[17939,17612,16761],"product_tag":[],"class_list":{"0":"post-1317344","1":"product","2":"type-product","3":"status-publish","4":"has-post-thumbnail","6":"product_cat-otsalamput","7":"product_cat-spordivalgustid","8":"product_cat-sport","10":"first","11":"instock","12":"taxable","13":"shipping-taxable","14":"purchasable","15":"product-type-simple"},"acf":[],"_links":{"self":[{"href":"https:\/\/digibit.ee\/en\/wp-json\/wp\/v2\/product\/1317344","targetHints":{"allow":["GET"]}}],"collection":[{"href":"https:\/\/digibit.ee\/en\/wp-json\/wp\/v2\/product"}],"about":[{"href":"https:\/\/digibit.ee\/en\/wp-json\/wp\/v2\/types\/product"}],"wp:featuredmedia":[{"embeddable":true,"href":"https:\/\/digibit.ee\/en\/wp-json\/"}],"wp:attachment":[{"href":"https:\/\/digibit.ee\/en\/wp-json\/wp\/v2\/media?parent=1317344"}],"wp:term":[{"taxonomy":"product_brand","embeddable":true,"href":"https:\/\/digibit.ee\/en\/wp-json\/wp\/v2\/product_brand?post=1317344"},{"taxonomy":"product_cat","embeddable":true,"href":"https:\/\/digibit.ee\/en\/wp-json\/wp\/v2\/product_cat?post=1317344"},{"taxonomy":"product_tag","embeddable":true,"href":"https:\/\/digibit.ee\/en\/wp-json\/wp\/v2\/product_tag?post=1317344"}],"curies":[{"name":"wp","href":"https:\/\/api.w.org\/{rel}","templated":true}]}}