{"id":1317296,"date":"2026-02-16T10:58:07","date_gmt":"2026-02-16T08:58:07","guid":{"rendered":"https:\/\/digibit.ee\/tooted\/maaratlemata\/lg-mg7z2593d-mikroaaltouuni-teras\/"},"modified":"2026-04-10T18:24:52","modified_gmt":"2026-04-10T15:24:52","slug":"lg-mg7z2593d-mikroaaltouuni-teras","status":"publish","type":"product","link":"https:\/\/digibit.ee\/en\/product\/lg-mg7z2593d-mikroaaltouuni-teras\/","title":{"rendered":"LG MG7Z2593D microwave oven, steel"},"content":{"rendered":"<p>Teka MG7Z2593D. Laitteen sijoitus: Kiinte\u00e4, Tuotetyyppi: Grillimikroaaltouuni, Sis\u00e4inen tilavuus: 25 L, Mikroaaltouunin teho: 1450 W, Sis\u00e4\u00e4nrakennettu n\u00e4ytt\u00f6, N\u00e4yt\u00f6n tyyppi: LED, Ohjaustyyppi: Kosketus, Tuotteen v\u00e4ri: musta, Ruostumaton ter\u00e4s<\/p>\n","protected":false},"excerpt":{"rendered":"<ul>\n<li>8 Automatic Preset Menus<\/li>\n<li>2-in-1 microwave grill<\/li>\n<li>EasyClean<\/li>\n<li>Extra 30 seconds<\/li>\n<li>Touch Control<\/li>\n<\/ul>\n","protected":false},"featured_media":999999999,"template":"","meta":{"_acf_changed":false},"product_brand":[],"product_cat":[18103,16967,17203],"product_tag":[],"class_list":{"0":"post-1317296","1":"product","2":"type-product","3":"status-publish","4":"has-post-thumbnail","6":"product_cat-integroitavat-mikroaaltouunit","7":"product_cat-kodumasinad","8":"product_cat-mikrolaineahjud","10":"first","11":"instock","12":"taxable","13":"shipping-taxable","14":"purchasable","15":"product-type-simple"},"acf":[],"_links":{"self":[{"href":"https:\/\/digibit.ee\/en\/wp-json\/wp\/v2\/product\/1317296","targetHints":{"allow":["GET"]}}],"collection":[{"href":"https:\/\/digibit.ee\/en\/wp-json\/wp\/v2\/product"}],"about":[{"href":"https:\/\/digibit.ee\/en\/wp-json\/wp\/v2\/types\/product"}],"wp:featuredmedia":[{"embeddable":true,"href":"https:\/\/digibit.ee\/en\/wp-json\/"}],"wp:attachment":[{"href":"https:\/\/digibit.ee\/en\/wp-json\/wp\/v2\/media?parent=1317296"}],"wp:term":[{"taxonomy":"product_brand","embeddable":true,"href":"https:\/\/digibit.ee\/en\/wp-json\/wp\/v2\/product_brand?post=1317296"},{"taxonomy":"product_cat","embeddable":true,"href":"https:\/\/digibit.ee\/en\/wp-json\/wp\/v2\/product_cat?post=1317296"},{"taxonomy":"product_tag","embeddable":true,"href":"https:\/\/digibit.ee\/en\/wp-json\/wp\/v2\/product_tag?post=1317296"}],"curies":[{"name":"wp","href":"https:\/\/api.w.org\/{rel}","templated":true}]}}