{"id":1317295,"date":"2026-02-16T10:58:07","date_gmt":"2026-02-16T08:58:07","guid":{"rendered":"https:\/\/digibit.ee\/tooted\/maaratlemata\/lg-mg7z2593b-mikroaaltouuni-musta\/"},"modified":"2026-04-11T09:35:55","modified_gmt":"2026-04-11T06:35:55","slug":"lg-mg7z2593b-mikroaaltouuni-musta","status":"publish","type":"product","link":"https:\/\/digibit.ee\/en\/product\/lg-mg7z2593b-mikroaaltouuni-musta\/","title":{"rendered":"LG MG7Z2593B microwave oven, black"},"content":{"rendered":"<p>Teka MG7Z2593B. Laitteen sijoitus: Kiinte\u00e4, Tuotetyyppi: Grillimikroaaltouuni, Sis\u00e4inen tilavuus: 25 L, Mikroaaltouunin teho: 1450 W, Sis\u00e4\u00e4nrakennettu n\u00e4ytt\u00f6, N\u00e4yt\u00f6n tyyppi: LED, Ohjaustyyppi: Kosketus, Tuotteen v\u00e4ri: musta, Ruostumaton ter\u00e4s<\/p>\n","protected":false},"excerpt":{"rendered":"<ul>\n<li>Power 900 W<\/li>\n<li>Capacity 25 l<\/li>\n<li>8 automatic programs<\/li>\n<li>To be installed in furniture<\/li>\n<li>Width 60 cm<\/li>\n<\/ul>\n","protected":false},"featured_media":999999999,"template":"","meta":{"_acf_changed":false},"product_brand":[],"product_cat":[16967],"product_tag":[],"class_list":{"0":"post-1317295","1":"product","2":"type-product","3":"status-publish","4":"has-post-thumbnail","6":"product_cat-kodumasinad","8":"first","9":"instock","10":"taxable","11":"shipping-taxable","12":"purchasable","13":"product-type-simple"},"acf":[],"_links":{"self":[{"href":"https:\/\/digibit.ee\/en\/wp-json\/wp\/v2\/product\/1317295","targetHints":{"allow":["GET"]}}],"collection":[{"href":"https:\/\/digibit.ee\/en\/wp-json\/wp\/v2\/product"}],"about":[{"href":"https:\/\/digibit.ee\/en\/wp-json\/wp\/v2\/types\/product"}],"wp:featuredmedia":[{"embeddable":true,"href":"https:\/\/digibit.ee\/en\/wp-json\/"}],"wp:attachment":[{"href":"https:\/\/digibit.ee\/en\/wp-json\/wp\/v2\/media?parent=1317295"}],"wp:term":[{"taxonomy":"product_brand","embeddable":true,"href":"https:\/\/digibit.ee\/en\/wp-json\/wp\/v2\/product_brand?post=1317295"},{"taxonomy":"product_cat","embeddable":true,"href":"https:\/\/digibit.ee\/en\/wp-json\/wp\/v2\/product_cat?post=1317295"},{"taxonomy":"product_tag","embeddable":true,"href":"https:\/\/digibit.ee\/en\/wp-json\/wp\/v2\/product_tag?post=1317295"}],"curies":[{"name":"wp","href":"https:\/\/api.w.org\/{rel}","templated":true}]}}