{"id":1317231,"date":"2026-02-16T10:58:02","date_gmt":"2026-02-16T08:58:02","guid":{"rendered":"https:\/\/digibit.ee\/tooted\/maaratlemata\/amazon-fire-tv-stick-full-hd-hdmi-mediatoistin-eng\/"},"modified":"2026-04-12T09:20:58","modified_gmt":"2026-04-12T06:20:58","slug":"amazon-fire-tv-stick-full-hd-hdmi-mediatoistin-eng","status":"publish","type":"product","link":"https:\/\/digibit.ee\/en\/product\/amazon-fire-tv-stick-full-hd-hdmi-mediatoistin-eng\/","title":{"rendered":"Amazon Fire TV Stick Full HD HDMI media player"},"content":{"rendered":"<p>Amazon Fire TV Stick HD. HD-tyyppi: Full HD, K\u00e4ytt\u00f6j\u00e4rjestelm\u00e4 asennettu: Fire OS, Suoritinvalmistaja: MediaTek. Laitteen k\u00e4ytt\u00f6liittym\u00e4: HDMI, Wi-Fi-standardit: 802.11a, 802.11b, 802.11g, Wi-Fi 4 (802.11n), Wi-Fi 5 (802.11ac), Bluetooth-versio: 2.1+EDR. Voimanl\u00e4hde: USB. Tuotteen v\u00e4ri: musta. Sis\u00e4inen tallennuskapasiteetti: 8 GB<\/p>\n","protected":false},"excerpt":{"rendered":"<ul>\n<li>Watch Netflix, Prime Video, Disney+, and more.<\/li>\n<li>Control compatible smart devices directly from the TV<\/li>\n<li>Full HD support<\/li>\n<li>HDR10+ and HLG support<\/li>\n<li>Wi-Fi 5 and Bluetooth 5.0<\/li>\n<\/ul>\n","protected":false},"featured_media":999999999,"template":"","meta":{"_acf_changed":false},"product_brand":[],"product_cat":[16741],"product_tag":[],"class_list":{"0":"post-1317231","1":"product","2":"type-product","3":"status-publish","4":"has-post-thumbnail","6":"product_cat-tv-ja-video","8":"first","9":"instock","10":"taxable","11":"shipping-taxable","12":"purchasable","13":"product-type-simple"},"acf":[],"_links":{"self":[{"href":"https:\/\/digibit.ee\/en\/wp-json\/wp\/v2\/product\/1317231","targetHints":{"allow":["GET"]}}],"collection":[{"href":"https:\/\/digibit.ee\/en\/wp-json\/wp\/v2\/product"}],"about":[{"href":"https:\/\/digibit.ee\/en\/wp-json\/wp\/v2\/types\/product"}],"wp:featuredmedia":[{"embeddable":true,"href":"https:\/\/digibit.ee\/en\/wp-json\/"}],"wp:attachment":[{"href":"https:\/\/digibit.ee\/en\/wp-json\/wp\/v2\/media?parent=1317231"}],"wp:term":[{"taxonomy":"product_brand","embeddable":true,"href":"https:\/\/digibit.ee\/en\/wp-json\/wp\/v2\/product_brand?post=1317231"},{"taxonomy":"product_cat","embeddable":true,"href":"https:\/\/digibit.ee\/en\/wp-json\/wp\/v2\/product_cat?post=1317231"},{"taxonomy":"product_tag","embeddable":true,"href":"https:\/\/digibit.ee\/en\/wp-json\/wp\/v2\/product_tag?post=1317231"}],"curies":[{"name":"wp","href":"https:\/\/api.w.org\/{rel}","templated":true}]}}