{"id":1317201,"date":"2026-02-16T10:57:59","date_gmt":"2026-02-16T08:57:59","guid":{"rendered":"https:\/\/digibit.ee\/tooted\/maaratlemata\/chipolo-pop-paikannuslaite-valkoinen\/"},"modified":"2026-04-11T09:35:53","modified_gmt":"2026-04-11T06:35:53","slug":"chipolo-pop-paikannuslaite-valkoinen","status":"publish","type":"product","link":"https:\/\/digibit.ee\/en\/product\/chipolo-pop-paikannuslaite-valkoinen\/","title":{"rendered":"Chipolo POP tracking device, white"},"content":{"rendered":"<p>Chipolo POP. Tarkoitus: Universaali, Tuotetyyppi: Etsin, Tuotteen v\u00e4ri: Valkoinen. Akkutyyppi: CR2032, Akun elinik\u00e4: 1 vuosi\/vuosia. Tuetut k\u00e4ytt\u00f6j\u00e4rjestelm\u00e4t: Android 10.0, Android 11.0, Android 12.0, Android 13.0, Android 14.0, Android 9.0, iOS 14.5, iOS&#8230;. Tuotteen korkeus: 6,6 mm, Halkaisija: 3,88 cm. Lukum\u00e4\u00e4r\u00e4 per pakkaus: 1 kpl<\/p>\n","protected":false},"excerpt":{"rendered":"<ul>\n<li>The audible sound helps you find items quickly<\/li>\n<li>Works with Apple and Google Find My networks<\/li>\n<li>IP55 protection against dust and water<\/li>\n<li>Replaceable CR2032 battery, 1-year lifespan<\/li>\n<li>Compact, diameter only 3.88 cm<\/li>\n<\/ul>\n","protected":false},"featured_media":999999999,"template":"","meta":{"_acf_changed":false},"product_brand":[],"product_cat":[17099],"product_tag":[],"class_list":{"0":"post-1317201","1":"product","2":"type-product","3":"status-publish","4":"has-post-thumbnail","6":"product_cat-kotid-ja-reisimine","8":"first","9":"instock","10":"taxable","11":"shipping-taxable","12":"purchasable","13":"product-type-simple"},"acf":[],"_links":{"self":[{"href":"https:\/\/digibit.ee\/en\/wp-json\/wp\/v2\/product\/1317201","targetHints":{"allow":["GET"]}}],"collection":[{"href":"https:\/\/digibit.ee\/en\/wp-json\/wp\/v2\/product"}],"about":[{"href":"https:\/\/digibit.ee\/en\/wp-json\/wp\/v2\/types\/product"}],"wp:featuredmedia":[{"embeddable":true,"href":"https:\/\/digibit.ee\/en\/wp-json\/"}],"wp:attachment":[{"href":"https:\/\/digibit.ee\/en\/wp-json\/wp\/v2\/media?parent=1317201"}],"wp:term":[{"taxonomy":"product_brand","embeddable":true,"href":"https:\/\/digibit.ee\/en\/wp-json\/wp\/v2\/product_brand?post=1317201"},{"taxonomy":"product_cat","embeddable":true,"href":"https:\/\/digibit.ee\/en\/wp-json\/wp\/v2\/product_cat?post=1317201"},{"taxonomy":"product_tag","embeddable":true,"href":"https:\/\/digibit.ee\/en\/wp-json\/wp\/v2\/product_tag?post=1317201"}],"curies":[{"name":"wp","href":"https:\/\/api.w.org\/{rel}","templated":true}]}}