{"id":1317161,"date":"2026-02-16T10:57:55","date_gmt":"2026-02-16T08:57:55","guid":{"rendered":"https:\/\/digibit.ee\/tooted\/maaratlemata\/synology-ds225-2-bay-verkkolevypalvelin\/"},"modified":"2026-04-12T18:25:28","modified_gmt":"2026-04-12T15:25:28","slug":"synology-ds225-2-bay-verkkolevypalvelin","status":"publish","type":"product","link":"https:\/\/digibit.ee\/en\/product\/synology-ds225-2-bay-verkkolevypalvelin\/","title":{"rendered":"Synology DS225+ 2 Bay Network Storage Server"},"content":{"rendered":"<p>Synology DS225+ 2 Bay NAS. Malli: NAS. Alustatyyppi: Ty\u00f6p\u00f6yt\u00e4. Laitteen luokka: Koti &amp; Kotitoimisto. Suoritinperhe: Intel\u00ae Celeron\u00ae, Prosessorimalli: J4125, Prosessorin taajuus: 2 GHz. Sis\u00e4inen muisti: 2 GB, Sis\u00e4isen muistin tyyppi: DDR4. K\u00e4ytt\u00f6j\u00e4rjestelm\u00e4 asennettu: Synology DSM<\/p>\n","protected":false},"excerpt":{"rendered":"<ul>\n<li>Processor: Intel Celeron J4125<\/li>\n<li>Memory: 2 GB DDR4<\/li>\n<li>Connections: 2 x Ethernet LAN (RJ-45), USB<\/li>\n<\/ul>\n","protected":false},"featured_media":999999999,"template":"","meta":{"_acf_changed":false},"product_brand":[],"product_cat":[18442,18441,18022,17037],"product_tag":[],"class_list":{"0":"post-1317161","1":"product","2":"type-product","3":"status-publish","4":"has-post-thumbnail","6":"product_cat-ilman-kiintolevya","7":"product_cat-nas-palvelimet","8":"product_cat-salvestuslahendused","9":"product_cat-vork","11":"first","12":"instock","13":"taxable","14":"shipping-taxable","15":"purchasable","16":"product-type-simple"},"acf":[],"_links":{"self":[{"href":"https:\/\/digibit.ee\/en\/wp-json\/wp\/v2\/product\/1317161","targetHints":{"allow":["GET"]}}],"collection":[{"href":"https:\/\/digibit.ee\/en\/wp-json\/wp\/v2\/product"}],"about":[{"href":"https:\/\/digibit.ee\/en\/wp-json\/wp\/v2\/types\/product"}],"wp:featuredmedia":[{"embeddable":true,"href":"https:\/\/digibit.ee\/en\/wp-json\/"}],"wp:attachment":[{"href":"https:\/\/digibit.ee\/en\/wp-json\/wp\/v2\/media?parent=1317161"}],"wp:term":[{"taxonomy":"product_brand","embeddable":true,"href":"https:\/\/digibit.ee\/en\/wp-json\/wp\/v2\/product_brand?post=1317161"},{"taxonomy":"product_cat","embeddable":true,"href":"https:\/\/digibit.ee\/en\/wp-json\/wp\/v2\/product_cat?post=1317161"},{"taxonomy":"product_tag","embeddable":true,"href":"https:\/\/digibit.ee\/en\/wp-json\/wp\/v2\/product_tag?post=1317161"}],"curies":[{"name":"wp","href":"https:\/\/api.w.org\/{rel}","templated":true}]}}