{"id":1317021,"date":"2026-02-16T10:57:43","date_gmt":"2026-02-16T08:57:43","guid":{"rendered":"https:\/\/digibit.ee\/tooted\/maaratlemata\/estuff-tietoturvasuoja-38-kaareville-naytoille-219\/"},"modified":"2026-04-10T18:24:45","modified_gmt":"2026-04-10T15:24:45","slug":"estuff-tietoturvasuoja-38-kaareville-naytoille-219","status":"publish","type":"product","link":"https:\/\/digibit.ee\/en\/product\/estuff-tietoturvasuoja-38-kaareville-naytoille-219\/","title":{"rendered":"eSTUFF security filter for 38&#8243; curved displays, 21:9"},"content":{"rendered":"<p>eSTUFF GLBB38894376. N\u00e4yt\u00f6n yhteensopivuuden enimm\u00e4iskoko: 96,5 cm (38&#8243;). Kuvasuhde: 21:9. Soveltuvuus: N\u00e4ytt\u00f6, Malli: Kehykset\u00f6n n\u00e4yt\u00f6n yksityisyyssuodatin. Pintaviimeistely: Kiilt\u00e4v\u00e4\/Matta. Paino: 150 g<\/p>\n","protected":false},"excerpt":{"rendered":"<ul>\n<li>38&quot; for curved displays, 21:9<\/li>\n<li>Anti-glare feature<\/li>\n<li>Surface finish: a combination of glossy and matte<\/li>\n<li>Installation: adhesive tape and side mounting strip<\/li>\n<li>Universal compatibility<\/li>\n<\/ul>\n","protected":false},"featured_media":999999999,"template":"","meta":{"_acf_changed":false},"product_brand":[],"product_cat":[19313,16683,17032],"product_tag":[],"class_list":{"0":"post-1317021","1":"product","2":"type-product","3":"status-publish","4":"has-post-thumbnail","6":"product_cat-31-ja-suuremmat","7":"product_cat-kontoritarbed","8":"product_cat-privaatsusfiltrid","10":"first","11":"instock","12":"taxable","13":"shipping-taxable","14":"purchasable","15":"product-type-simple"},"acf":[],"_links":{"self":[{"href":"https:\/\/digibit.ee\/en\/wp-json\/wp\/v2\/product\/1317021","targetHints":{"allow":["GET"]}}],"collection":[{"href":"https:\/\/digibit.ee\/en\/wp-json\/wp\/v2\/product"}],"about":[{"href":"https:\/\/digibit.ee\/en\/wp-json\/wp\/v2\/types\/product"}],"wp:featuredmedia":[{"embeddable":true,"href":"https:\/\/digibit.ee\/en\/wp-json\/"}],"wp:attachment":[{"href":"https:\/\/digibit.ee\/en\/wp-json\/wp\/v2\/media?parent=1317021"}],"wp:term":[{"taxonomy":"product_brand","embeddable":true,"href":"https:\/\/digibit.ee\/en\/wp-json\/wp\/v2\/product_brand?post=1317021"},{"taxonomy":"product_cat","embeddable":true,"href":"https:\/\/digibit.ee\/en\/wp-json\/wp\/v2\/product_cat?post=1317021"},{"taxonomy":"product_tag","embeddable":true,"href":"https:\/\/digibit.ee\/en\/wp-json\/wp\/v2\/product_tag?post=1317021"}],"curies":[{"name":"wp","href":"https:\/\/api.w.org\/{rel}","templated":true}]}}