{"id":1317017,"date":"2026-02-16T10:57:43","date_gmt":"2026-02-16T08:57:43","guid":{"rendered":"https:\/\/digibit.ee\/tooted\/maaratlemata\/estuff-tietoturvasuoja-240-naytolle-169\/"},"modified":"2026-04-10T18:24:44","modified_gmt":"2026-04-10T15:24:44","slug":"estuff-tietoturvasuoja-240-naytolle-169","status":"publish","type":"product","link":"https:\/\/digibit.ee\/en\/product\/estuff-tietoturvasuoja-240-naytolle-169\/","title":{"rendered":"eSTUFF security screen protector for 24.0&#8243; display, 16:9"},"content":{"rendered":"<p>eSTUFF GLBB24532299. N\u00e4yt\u00f6n yhteensopivuuden enimm\u00e4iskoko: 61 cm (24&#8243;). Kuvasuhde: 16:9. Soveltuvuus: N\u00e4ytt\u00f6, Malli: Kehykset\u00f6n n\u00e4yt\u00f6n yksityisyyssuodatin. Pintaviimeistely: Kiilt\u00e4v\u00e4\/Matta. Paino: 210 g<\/p>\n","protected":false},"excerpt":{"rendered":"<ul>\n<li>For 24&quot; (61 cm) displays, aspect ratio 16:9<\/li>\n<li>Surface finish: glossy\/matte<\/li>\n<li>Installation with adhesive tape and side mounting strips<\/li>\n<li>Works with touchscreens<\/li>\n<li>Universal compatibility with different display brands<\/li>\n<\/ul>\n","protected":false},"featured_media":999999999,"template":"","meta":{"_acf_changed":false},"product_brand":[],"product_cat":[17797,16683,17032],"product_tag":[],"class_list":{"0":"post-1317017","1":"product","2":"type-product","3":"status-publish","4":"has-post-thumbnail","6":"product_cat-23-30","7":"product_cat-kontoritarbed","8":"product_cat-privaatsusfiltrid","10":"first","11":"instock","12":"taxable","13":"shipping-taxable","14":"purchasable","15":"product-type-simple"},"acf":[],"_links":{"self":[{"href":"https:\/\/digibit.ee\/en\/wp-json\/wp\/v2\/product\/1317017","targetHints":{"allow":["GET"]}}],"collection":[{"href":"https:\/\/digibit.ee\/en\/wp-json\/wp\/v2\/product"}],"about":[{"href":"https:\/\/digibit.ee\/en\/wp-json\/wp\/v2\/types\/product"}],"wp:featuredmedia":[{"embeddable":true,"href":"https:\/\/digibit.ee\/en\/wp-json\/"}],"wp:attachment":[{"href":"https:\/\/digibit.ee\/en\/wp-json\/wp\/v2\/media?parent=1317017"}],"wp:term":[{"taxonomy":"product_brand","embeddable":true,"href":"https:\/\/digibit.ee\/en\/wp-json\/wp\/v2\/product_brand?post=1317017"},{"taxonomy":"product_cat","embeddable":true,"href":"https:\/\/digibit.ee\/en\/wp-json\/wp\/v2\/product_cat?post=1317017"},{"taxonomy":"product_tag","embeddable":true,"href":"https:\/\/digibit.ee\/en\/wp-json\/wp\/v2\/product_tag?post=1317017"}],"curies":[{"name":"wp","href":"https:\/\/api.w.org\/{rel}","templated":true}]}}