{"id":1317003,"date":"2026-02-16T10:57:42","date_gmt":"2026-02-16T08:57:42","guid":{"rendered":"https:\/\/digibit.ee\/tooted\/maaratlemata\/kensington-magneettinen-tietoturvasuoja-16-kannettavalle-tietokoneelle-1610\/"},"modified":"2026-04-10T18:24:44","modified_gmt":"2026-04-10T15:24:44","slug":"kensington-magneettinen-tietoturvasuoja-16-kannettavalle-tietokoneelle-1610","status":"publish","type":"product","link":"https:\/\/digibit.ee\/en\/product\/kensington-magneettinen-tietoturvasuoja-16-kannettavalle-tietokoneelle-1610\/","title":{"rendered":"Kensington Magnetic Privacy Screen for 16&#8243; Laptop, 16:10"},"content":{"rendered":"<p>Kensington K55256WW. N\u00e4yt\u00f6n yhteensopivuuden enimm\u00e4iskoko: 40,6 cm (16&#8243;). Kuvasuhde: 16:10. Soveltuvuus: Kannettava tietokone, Malli: Kehykset\u00f6n n\u00e4yt\u00f6n yksityisyyssuodatin. Pintaviimeistely: Kiilt\u00e4v\u00e4\/Matta<\/p>\n","protected":false},"excerpt":{"rendered":"<ul>\n<li>For a 16&quot; laptop with an aspect ratio of 16:10<\/li>\n<li>Double-sided: glossy and matte<\/li>\n<li>Blue light protection<\/li>\n<li>The portable device can be closed without removing the cover.<\/li>\n<li>Super-fast magnetic attachment<\/li>\n<\/ul>\n","protected":false},"featured_media":999999999,"template":"","meta":{"_acf_changed":false},"product_brand":[],"product_cat":[17583,16683,17032],"product_tag":[],"class_list":{"0":"post-1317003","1":"product","2":"type-product","3":"status-publish","4":"has-post-thumbnail","6":"product_cat-13-15","7":"product_cat-kontoritarbed","8":"product_cat-privaatsusfiltrid","10":"first","11":"instock","12":"taxable","13":"shipping-taxable","14":"purchasable","15":"product-type-simple"},"acf":[],"_links":{"self":[{"href":"https:\/\/digibit.ee\/en\/wp-json\/wp\/v2\/product\/1317003","targetHints":{"allow":["GET"]}}],"collection":[{"href":"https:\/\/digibit.ee\/en\/wp-json\/wp\/v2\/product"}],"about":[{"href":"https:\/\/digibit.ee\/en\/wp-json\/wp\/v2\/types\/product"}],"wp:featuredmedia":[{"embeddable":true,"href":"https:\/\/digibit.ee\/en\/wp-json\/"}],"wp:attachment":[{"href":"https:\/\/digibit.ee\/en\/wp-json\/wp\/v2\/media?parent=1317003"}],"wp:term":[{"taxonomy":"product_brand","embeddable":true,"href":"https:\/\/digibit.ee\/en\/wp-json\/wp\/v2\/product_brand?post=1317003"},{"taxonomy":"product_cat","embeddable":true,"href":"https:\/\/digibit.ee\/en\/wp-json\/wp\/v2\/product_cat?post=1317003"},{"taxonomy":"product_tag","embeddable":true,"href":"https:\/\/digibit.ee\/en\/wp-json\/wp\/v2\/product_tag?post=1317003"}],"curies":[{"name":"wp","href":"https:\/\/api.w.org\/{rel}","templated":true}]}}