{"id":1316994,"date":"2026-02-16T10:57:41","date_gmt":"2026-02-16T08:57:41","guid":{"rendered":"https:\/\/digibit.ee\/tooted\/maaratlemata\/kensington-tietoturvasuoja-215-naytolle-169\/"},"modified":"2026-04-10T18:24:44","modified_gmt":"2026-04-10T15:24:44","slug":"kensington-tietoturvasuoja-215-naytolle-169","status":"publish","type":"product","link":"https:\/\/digibit.ee\/en\/product\/kensington-tietoturvasuoja-215-naytolle-169\/","title":{"rendered":"Kensington security lock for 21.5\u2019\u2019 display, 16:9"},"content":{"rendered":"<p>Kensington 626482. N\u00e4yt\u00f6n yhteensopivuuden enimm\u00e4iskoko: 54,6 cm (21.5&#8243;). Kuvasuhde: 16:9. Soveltuvuus: N\u00e4ytt\u00f6, Malli: Kehykset\u00f6n n\u00e4yt\u00f6n yksityisyyssuodatin. Heijastuksen v\u00e4hennys (maks.): 42,5%, Valonl\u00e4p\u00e4isevyys: 68%. Paino: 60 g<\/p>\n","protected":false},"excerpt":{"rendered":"<ul>\n<li>For a 21.5&quot; display with an aspect ratio of 16:9<\/li>\n<li>Double-sided: glossy and matte<\/li>\n<li>Protection against blue light<\/li>\n<li>Attachment with mounting tab<\/li>\n<li>Made in the EU<\/li>\n<\/ul>\n","protected":false},"featured_media":999999999,"template":"","meta":{"_acf_changed":false},"product_brand":[],"product_cat":[18948,16683,17032],"product_tag":[],"class_list":{"0":"post-1316994","1":"product","2":"type-product","3":"status-publish","4":"has-post-thumbnail","6":"product_cat-16-22","7":"product_cat-kontoritarbed","8":"product_cat-privaatsusfiltrid","10":"first","11":"instock","12":"taxable","13":"shipping-taxable","14":"purchasable","15":"product-type-simple"},"acf":[],"_links":{"self":[{"href":"https:\/\/digibit.ee\/en\/wp-json\/wp\/v2\/product\/1316994","targetHints":{"allow":["GET"]}}],"collection":[{"href":"https:\/\/digibit.ee\/en\/wp-json\/wp\/v2\/product"}],"about":[{"href":"https:\/\/digibit.ee\/en\/wp-json\/wp\/v2\/types\/product"}],"wp:featuredmedia":[{"embeddable":true,"href":"https:\/\/digibit.ee\/en\/wp-json\/"}],"wp:attachment":[{"href":"https:\/\/digibit.ee\/en\/wp-json\/wp\/v2\/media?parent=1316994"}],"wp:term":[{"taxonomy":"product_brand","embeddable":true,"href":"https:\/\/digibit.ee\/en\/wp-json\/wp\/v2\/product_brand?post=1316994"},{"taxonomy":"product_cat","embeddable":true,"href":"https:\/\/digibit.ee\/en\/wp-json\/wp\/v2\/product_cat?post=1316994"},{"taxonomy":"product_tag","embeddable":true,"href":"https:\/\/digibit.ee\/en\/wp-json\/wp\/v2\/product_tag?post=1316994"}],"curies":[{"name":"wp","href":"https:\/\/api.w.org\/{rel}","templated":true}]}}