{"id":1316913,"date":"2026-02-16T10:57:34","date_gmt":"2026-02-16T08:57:34","guid":{"rendered":"https:\/\/digibit.ee\/tooted\/maaratlemata\/wacom-pro-pen-3-vaihtokarjet-5kpl\/"},"modified":"2026-04-10T18:24:40","modified_gmt":"2026-04-10T15:24:40","slug":"wacom-pro-pen-3-vaihtokarjet-5kpl","status":"publish","type":"product","link":"https:\/\/digibit.ee\/en\/product\/wacom-pro-pen-3-vaihtokarjet-5kpl\/","title":{"rendered":"Wacom Pro Pen 3 Replacement Tips, 5 pcs"},"content":{"rendered":"<p>Wacom ACK253010Z. Tuotetyyppi: Kyn\u00e4nk\u00e4rki, Tuotemerkin yhteensopivuus: Wacom, Yhteensopivuus: Wacom Pro Pen 3. Lukum\u00e4\u00e4r\u00e4 per pakkaus: 5 kpl<\/p>\n","protected":false},"excerpt":{"rendered":"<ul>\n<li>Compatible with Wacom Pro Pen 3<\/li>\n<li>Soft rubber tips provide a comfortable experience<\/li>\n<li>5 pcs per package<\/li>\n<\/ul>\n","protected":false},"featured_media":999999999,"template":"","meta":{"_acf_changed":false},"product_brand":[],"product_cat":[17877,16745],"product_tag":[],"class_list":{"0":"post-1316913","1":"product","2":"type-product","3":"status-publish","4":"has-post-thumbnail","6":"product_cat-graafikalauad","7":"product_cat-lisaseadmed","9":"first","10":"instock","11":"taxable","12":"shipping-taxable","13":"purchasable","14":"product-type-simple"},"acf":[],"_links":{"self":[{"href":"https:\/\/digibit.ee\/en\/wp-json\/wp\/v2\/product\/1316913","targetHints":{"allow":["GET"]}}],"collection":[{"href":"https:\/\/digibit.ee\/en\/wp-json\/wp\/v2\/product"}],"about":[{"href":"https:\/\/digibit.ee\/en\/wp-json\/wp\/v2\/types\/product"}],"wp:featuredmedia":[{"embeddable":true,"href":"https:\/\/digibit.ee\/en\/wp-json\/"}],"wp:attachment":[{"href":"https:\/\/digibit.ee\/en\/wp-json\/wp\/v2\/media?parent=1316913"}],"wp:term":[{"taxonomy":"product_brand","embeddable":true,"href":"https:\/\/digibit.ee\/en\/wp-json\/wp\/v2\/product_brand?post=1316913"},{"taxonomy":"product_cat","embeddable":true,"href":"https:\/\/digibit.ee\/en\/wp-json\/wp\/v2\/product_cat?post=1316913"},{"taxonomy":"product_tag","embeddable":true,"href":"https:\/\/digibit.ee\/en\/wp-json\/wp\/v2\/product_tag?post=1316913"}],"curies":[{"name":"wp","href":"https:\/\/api.w.org\/{rel}","templated":true}]}}