{"id":1316783,"date":"2026-02-16T10:57:23","date_gmt":"2026-02-16T08:57:23","guid":{"rendered":"https:\/\/digibit.ee\/tooted\/maaratlemata\/star-trading-flamme-johdoton-kuusenkynttilasarja-10-kpl\/"},"modified":"2026-04-10T18:24:34","modified_gmt":"2026-04-10T15:24:34","slug":"star-trading-flamme-johdoton-kuusenkynttilasarja-10-kpl","status":"publish","type":"product","link":"https:\/\/digibit.ee\/en\/product\/star-trading-flamme-johdoton-kuusenkynttilasarja-10-kpl\/","title":{"rendered":"Star Trading Flamme wireless Christmas tree candle set, 10 pcs"},"content":{"rendered":"<p>Star Trading 12.003-43. Tuotteen v\u00e4ri: Valkoinen, Sopii huoneisiin: Makuuhuone, Olohuone, International Protection (IP)-koodi: IP20. Lampun tyyppi: LED, Valon v\u00e4ri: L\u00e4mmin valkoinen, Polttimon k\u00e4ytt\u00f6ik\u00e4: 7000 h. Virtal\u00e4hteen malli: Akku, Latausl\u00e4hde: Akku, K\u00e4ytt\u00f6j\u00e4nnite: 1,5 V. Tuotteen leveys: 35 mm, Tuotteen syvyys: 15 mm, Tuotteen korkeus: 120 mm<\/p>\n","protected":false},"excerpt":{"rendered":"<ul>\n<li>10 candles and a remote control<\/li>\n<li>Warm white LED lights<\/li>\n<li>For indoor use<\/li>\n<li>Battery-powered<\/li>\n<li>Timer<\/li>\n<\/ul>\n","protected":false},"featured_media":999999999,"template":"","meta":{"_acf_changed":false},"product_brand":[],"product_cat":[17076,16869,18481],"product_tag":[],"class_list":{"0":"post-1316783","1":"product","2":"type-product","3":"status-publish","4":"has-post-thumbnail","6":"product_cat-kodu-ja-sisustus","7":"product_cat-kodu-ja-valgustus","8":"product_cat-kynttilat-ja-lyhdyt","10":"first","11":"onbackorder","12":"taxable","13":"shipping-taxable","14":"purchasable","15":"product-type-simple"},"acf":[],"_links":{"self":[{"href":"https:\/\/digibit.ee\/en\/wp-json\/wp\/v2\/product\/1316783","targetHints":{"allow":["GET"]}}],"collection":[{"href":"https:\/\/digibit.ee\/en\/wp-json\/wp\/v2\/product"}],"about":[{"href":"https:\/\/digibit.ee\/en\/wp-json\/wp\/v2\/types\/product"}],"wp:featuredmedia":[{"embeddable":true,"href":"https:\/\/digibit.ee\/en\/wp-json\/"}],"wp:attachment":[{"href":"https:\/\/digibit.ee\/en\/wp-json\/wp\/v2\/media?parent=1316783"}],"wp:term":[{"taxonomy":"product_brand","embeddable":true,"href":"https:\/\/digibit.ee\/en\/wp-json\/wp\/v2\/product_brand?post=1316783"},{"taxonomy":"product_cat","embeddable":true,"href":"https:\/\/digibit.ee\/en\/wp-json\/wp\/v2\/product_cat?post=1316783"},{"taxonomy":"product_tag","embeddable":true,"href":"https:\/\/digibit.ee\/en\/wp-json\/wp\/v2\/product_tag?post=1316783"}],"curies":[{"name":"wp","href":"https:\/\/api.w.org\/{rel}","templated":true}]}}