{"id":1316775,"date":"2026-02-16T10:57:21","date_gmt":"2026-02-16T08:57:21","guid":{"rendered":"https:\/\/digibit.ee\/tooted\/maaratlemata\/star-trading-alf-tonttuvalosarja-punainen-valkoinen-140-cm\/"},"modified":"2026-04-10T18:24:33","modified_gmt":"2026-04-10T15:24:33","slug":"star-trading-alf-tonttuvalosarja-punainen-valkoinen-140-cm","status":"publish","type":"product","link":"https:\/\/digibit.ee\/en\/product\/star-trading-alf-tonttuvalosarja-punainen-valkoinen-140-cm\/","title":{"rendered":"Star Trading Alf gnome light set, red\/white, 140 cm"},"content":{"rendered":"<p>Star Trading 729-86. Tuotetyyppi: Koristevaloketju, Tuotteen v\u00e4ri: Harmaa, Punainen, Valkoinen, Kotelon materiaali: Metalli. Lamppujen lukum\u00e4\u00e4r\u00e4: 8 lamppu(a), Lampun tyyppi: LED, Kokonaisteho: 0,1 W. Virtal\u00e4hteen malli: Akku, Akkutyyppi: AA. Tuotteen korkeus: 240 mm, Tuotteen leveys: 140 mm, Tuotteen syvyys: 67 mm. Lukum\u00e4\u00e4r\u00e4 per pakkaus: 1 kpl<\/p>\n","protected":false},"excerpt":{"rendered":"<ul>\n<li>Warm white LED lights<\/li>\n<li>For indoor use<\/li>\n<li>Battery-powered<\/li>\n<li>Timer<\/li>\n<li>Series length 140 cm<\/li>\n<\/ul>\n","protected":false},"featured_media":999999999,"template":"","meta":{"_acf_changed":false},"product_brand":[],"product_cat":[18635,18636,17076,16869],"product_tag":[],"class_list":{"0":"post-1316775","1":"product","2":"type-product","3":"status-publish","4":"has-post-thumbnail","6":"product_cat-joulu","7":"product_cat-jouluvalot","8":"product_cat-kodu-ja-sisustus","9":"product_cat-kodu-ja-valgustus","11":"first","12":"onbackorder","13":"taxable","14":"shipping-taxable","15":"purchasable","16":"product-type-simple"},"acf":[],"_links":{"self":[{"href":"https:\/\/digibit.ee\/en\/wp-json\/wp\/v2\/product\/1316775","targetHints":{"allow":["GET"]}}],"collection":[{"href":"https:\/\/digibit.ee\/en\/wp-json\/wp\/v2\/product"}],"about":[{"href":"https:\/\/digibit.ee\/en\/wp-json\/wp\/v2\/types\/product"}],"wp:featuredmedia":[{"embeddable":true,"href":"https:\/\/digibit.ee\/en\/wp-json\/"}],"wp:attachment":[{"href":"https:\/\/digibit.ee\/en\/wp-json\/wp\/v2\/media?parent=1316775"}],"wp:term":[{"taxonomy":"product_brand","embeddable":true,"href":"https:\/\/digibit.ee\/en\/wp-json\/wp\/v2\/product_brand?post=1316775"},{"taxonomy":"product_cat","embeddable":true,"href":"https:\/\/digibit.ee\/en\/wp-json\/wp\/v2\/product_cat?post=1316775"},{"taxonomy":"product_tag","embeddable":true,"href":"https:\/\/digibit.ee\/en\/wp-json\/wp\/v2\/product_tag?post=1316775"}],"curies":[{"name":"wp","href":"https:\/\/api.w.org\/{rel}","templated":true}]}}