{"id":1316771,"date":"2026-02-16T10:57:21","date_gmt":"2026-02-16T08:57:21","guid":{"rendered":"https:\/\/digibit.ee\/tooted\/maaratlemata\/lenovo-tab-one-suojakuori-zg38c06913\/"},"modified":"2026-04-12T09:20:41","modified_gmt":"2026-04-12T06:20:41","slug":"lenovo-tab-one-suojakuori-zg38c06913","status":"publish","type":"product","link":"https:\/\/digibit.ee\/en\/product\/lenovo-tab-one-suojakuori-zg38c06913\/","title":{"rendered":"Lenovo Tab One protective case (ZG38C06913)"},"content":{"rendered":"<p>Lenovo ZG38C06913. Kotelotyyppi: Folio-kotelo, Tuotemerkin yhteensopivuus: Lenovo, Yhteensopivuus: Lenovo Tab One, N\u00e4yt\u00f6n yhteensopivuuden enimm\u00e4iskoko: 22,1 cm (8.7&#8243;). Paino: 240 g<\/p>\n","protected":false},"excerpt":{"rendered":"<ul>\n<li>Original spare part<\/li>\n<li>Protects against bumps<\/li>\n<li>The rotating lid serves as support<\/li>\n<\/ul>\n","protected":false},"featured_media":999999999,"template":"","meta":{"_acf_changed":false},"product_brand":[],"product_cat":[17135],"product_tag":[],"class_list":{"0":"post-1316771","1":"product","2":"type-product","3":"status-publish","4":"has-post-thumbnail","6":"product_cat-arvutid","8":"first","9":"instock","10":"taxable","11":"shipping-taxable","12":"purchasable","13":"product-type-simple"},"acf":[],"_links":{"self":[{"href":"https:\/\/digibit.ee\/en\/wp-json\/wp\/v2\/product\/1316771","targetHints":{"allow":["GET"]}}],"collection":[{"href":"https:\/\/digibit.ee\/en\/wp-json\/wp\/v2\/product"}],"about":[{"href":"https:\/\/digibit.ee\/en\/wp-json\/wp\/v2\/types\/product"}],"wp:featuredmedia":[{"embeddable":true,"href":"https:\/\/digibit.ee\/en\/wp-json\/"}],"wp:attachment":[{"href":"https:\/\/digibit.ee\/en\/wp-json\/wp\/v2\/media?parent=1316771"}],"wp:term":[{"taxonomy":"product_brand","embeddable":true,"href":"https:\/\/digibit.ee\/en\/wp-json\/wp\/v2\/product_brand?post=1316771"},{"taxonomy":"product_cat","embeddable":true,"href":"https:\/\/digibit.ee\/en\/wp-json\/wp\/v2\/product_cat?post=1316771"},{"taxonomy":"product_tag","embeddable":true,"href":"https:\/\/digibit.ee\/en\/wp-json\/wp\/v2\/product_tag?post=1316771"}],"curies":[{"name":"wp","href":"https:\/\/api.w.org\/{rel}","templated":true}]}}