{"id":1316756,"date":"2026-02-16T10:57:20","date_gmt":"2026-02-16T08:57:20","guid":{"rendered":"https:\/\/digibit.ee\/tooted\/maaratlemata\/samsung-galaxy-s25-5g-puhelin-256-12-gt-blueblack\/"},"modified":"2026-04-10T18:24:33","modified_gmt":"2026-04-10T15:24:33","slug":"samsung-galaxy-s25-5g-puhelin-256-12-gt-blueblack","status":"publish","type":"product","link":"https:\/\/digibit.ee\/en\/product\/samsung-galaxy-s25-5g-puhelin-256-12-gt-blueblack\/","title":{"rendered":"Samsung Galaxy S25 5G Phone, 128\/12 GB, Navy"},"content":{"rendered":"<p>Samsung Galaxy S25 . N\u00e4yt\u00f6n halkaisija: 15,8 cm (6.2&#8243;), N\u00e4yt\u00f6n erottelutarkkuus: 2340 x 1080 pikseli\u00e4. Suoritinperhe: Qualcomm Snapdragon, Prosessorimalli: 8 Elite. RAM-kapasiteetti: 12 GB, Sis\u00e4inen tallennuskapasiteetti: 128 GB. Takakameran resoluutio (numeerinen): 50 MP, Takakameran tyyppi: Kolmoiskamera. SIM-kortin kapasiteetti: Kaksois-SIM. K\u00e4ytt\u00f6j\u00e4rjestelm\u00e4 asennettu: Android 15. Akun kapasiteetti: 4000 mAh. Tuotteen v\u00e4ri: Laivasto. Paino: 162 g<\/p>\n","protected":false},"excerpt":{"rendered":"<ul>\n<li>6.2&quot; FHD+ display, 120 Hz<\/li>\n<li>50 MP main camera + OIS<\/li>\n<li>12 MP selfie<\/li>\n<li>4000 mAh battery, 25W charging<\/li>\n<li>Galaxy AI functions<\/li>\n<\/ul>\n","protected":false},"featured_media":999999999,"template":"","meta":{"_acf_changed":false},"product_brand":[],"product_cat":[18719,16845],"product_tag":[],"class_list":{"0":"post-1316756","1":"product","2":"type-product","3":"status-publish","4":"has-post-thumbnail","6":"product_cat-android-telefonid","7":"product_cat-telefonid","9":"first","10":"instock","11":"taxable","12":"shipping-taxable","13":"purchasable","14":"product-type-simple"},"acf":[],"_links":{"self":[{"href":"https:\/\/digibit.ee\/en\/wp-json\/wp\/v2\/product\/1316756","targetHints":{"allow":["GET"]}}],"collection":[{"href":"https:\/\/digibit.ee\/en\/wp-json\/wp\/v2\/product"}],"about":[{"href":"https:\/\/digibit.ee\/en\/wp-json\/wp\/v2\/types\/product"}],"wp:featuredmedia":[{"embeddable":true,"href":"https:\/\/digibit.ee\/en\/wp-json\/"}],"wp:attachment":[{"href":"https:\/\/digibit.ee\/en\/wp-json\/wp\/v2\/media?parent=1316756"}],"wp:term":[{"taxonomy":"product_brand","embeddable":true,"href":"https:\/\/digibit.ee\/en\/wp-json\/wp\/v2\/product_brand?post=1316756"},{"taxonomy":"product_cat","embeddable":true,"href":"https:\/\/digibit.ee\/en\/wp-json\/wp\/v2\/product_cat?post=1316756"},{"taxonomy":"product_tag","embeddable":true,"href":"https:\/\/digibit.ee\/en\/wp-json\/wp\/v2\/product_tag?post=1316756"}],"curies":[{"name":"wp","href":"https:\/\/api.w.org\/{rel}","templated":true}]}}