{"id":1316742,"date":"2026-02-16T10:57:19","date_gmt":"2026-02-16T08:57:19","guid":{"rendered":"https:\/\/digibit.ee\/tooted\/maaratlemata\/paulig-parisien-cafe-au-lait-3in1-kahvijuomajauhe-10-pussia\/"},"modified":"2026-04-22T09:23:25","modified_gmt":"2026-04-22T06:23:25","slug":"paulig-parisien-cafe-au-lait-3in1-kahvijuomajauhe-10-pussia","status":"publish","type":"product","link":"https:\/\/digibit.ee\/en\/product\/paulig-parisien-cafe-au-lait-3in1-kahvijuomajauhe-10-pussia\/","title":{"rendered":"Paulig Parisien Caf\u00e9 au Lait 3in1 Coffee Drink Powder"},"content":{"rendered":"<h3><b>Paulig Parisien Caf\u00e9 au Lait 3in1 takes you to the charming caf\u00e9s of Paris!<\/b><br \/><\/h3>\n<p>Paulig Parisien Caf\u00e9 au Lait 3in1 instant coffee with milk and sugar takes you straight to the charming caf\u00e9s of Paris with its rich and creamy taste. Enjoy an authentic caf\u00e9 au lait experience, either hot or cold! Lactose-free. Coffee Rainforest Alliance certified. The package contains 10 serving sachets.<\/p>\n<p>Preparation instructions: Mix one serving sachet (16.5 g) with 180 ml of hot water (85 \u00b0C). Stir well and enjoy! You can also mix the sachet with cold water, add ice, and enjoy as iced coffee. Store in a dry and cool place.<\/p>\n<h3><b>Features:<\/b><\/h3>\n<ul>\n<li>Rich and creamy coffee drink with milk and sugar<\/li>\n<li>Enjoy an authentic coffee experience Parisian style<\/li>\n<li>Lactose-free<\/li>\n<li>Package contains 10 serving sachets<\/li>\n<\/ul>\n","protected":false},"excerpt":{"rendered":"<ul>\n<li>A rich and creamy coffee drink with milk and sugar<\/li>\n<li>Enjoy an authentic coffee experience in the style of Paris<\/li>\n<li>Mix with hot water or enjoy as iced coffee<\/li>\n<li>Lactose-free<\/li>\n<li>The package contains 10 single-dose sachets<\/li>\n<\/ul>\n","protected":false},"featured_media":999999999,"template":"","meta":{"_acf_changed":false},"product_brand":[],"product_cat":[16973],"product_tag":[],"class_list":{"0":"post-1316742","1":"product","2":"type-product","3":"status-publish","4":"has-post-thumbnail","6":"product_cat-toit-ja-jook","8":"first","9":"instock","10":"taxable","11":"shipping-taxable","12":"purchasable","13":"product-type-simple"},"acf":[],"_links":{"self":[{"href":"https:\/\/digibit.ee\/en\/wp-json\/wp\/v2\/product\/1316742","targetHints":{"allow":["GET"]}}],"collection":[{"href":"https:\/\/digibit.ee\/en\/wp-json\/wp\/v2\/product"}],"about":[{"href":"https:\/\/digibit.ee\/en\/wp-json\/wp\/v2\/types\/product"}],"wp:featuredmedia":[{"embeddable":true,"href":"https:\/\/digibit.ee\/en\/wp-json\/"}],"wp:attachment":[{"href":"https:\/\/digibit.ee\/en\/wp-json\/wp\/v2\/media?parent=1316742"}],"wp:term":[{"taxonomy":"product_brand","embeddable":true,"href":"https:\/\/digibit.ee\/en\/wp-json\/wp\/v2\/product_brand?post=1316742"},{"taxonomy":"product_cat","embeddable":true,"href":"https:\/\/digibit.ee\/en\/wp-json\/wp\/v2\/product_cat?post=1316742"},{"taxonomy":"product_tag","embeddable":true,"href":"https:\/\/digibit.ee\/en\/wp-json\/wp\/v2\/product_tag?post=1316742"}],"curies":[{"name":"wp","href":"https:\/\/api.w.org\/{rel}","templated":true}]}}