{"id":1316719,"date":"2026-02-16T10:57:17","date_gmt":"2026-02-16T08:57:17","guid":{"rendered":"https:\/\/digibit.ee\/tooted\/maaratlemata\/asus-prime-rtx-5050-oc-naytonohjain-8-gt\/"},"modified":"2026-04-10T18:24:30","modified_gmt":"2026-04-10T15:24:30","slug":"asus-prime-rtx-5050-oc-naytonohjain-8-gt","status":"publish","type":"product","link":"https:\/\/digibit.ee\/en\/product\/asus-prime-rtx-5050-oc-naytonohjain-8-gt\/","title":{"rendered":"Asus PRIME RTX 5050 OC graphics card, 8 GB"},"content":{"rendered":"<p>ASUS Prime -RTX5050-O8G. Grafiikkaprosessorin perhe: NVIDIA, Grafiikkaprosessori: GeForce RTX 5050. Diskreetti n\u00e4yt\u00f6nohjainmuisti: 8 GB, N\u00e4yt\u00f6nohjaimen muistityyppi: GDDR6, Muistiv\u00e4yl\u00e4: 128 bitti\u00e4. Enimm\u00e4iserottelutarkkuus: 7680 x 4320 pikseli\u00e4. OpenGL-versio: 4.6. PCI-v\u00e4yl\u00e4: PCI Express 5.0. J\u00e4\u00e4hdytyksen tyyppi: Aktiivinen, Tuulettimien m\u00e4\u00e4r\u00e4: 3 tuuletin(ta)<\/p>\n","protected":false},"excerpt":{"rendered":"<ul>\n<li>NVIDIA GeForce RTX 5050<\/li>\n<li>8 GB, GDDR6, 128-bit bus<\/li>\n<li>Overclocked 2707 MHz boost frequency<\/li>\n<li>Supports up to four displays simultaneously<\/li>\n<li>Fast PCI Express 5.0 bus ensures smooth data transfer<\/li>\n<\/ul>\n","protected":false},"featured_media":999999999,"template":"","meta":{"_acf_changed":false},"product_brand":[],"product_cat":[18525,16675,19821],"product_tag":[],"class_list":{"0":"post-1316719","1":"product","2":"type-product","3":"status-publish","4":"has-post-thumbnail","6":"product_cat-graafikakaardid","7":"product_cat-komponendid","8":"product_cat-nvidia-geforce-rtx-5050","10":"first","11":"onbackorder","12":"taxable","13":"shipping-taxable","14":"purchasable","15":"product-type-simple"},"acf":[],"_links":{"self":[{"href":"https:\/\/digibit.ee\/en\/wp-json\/wp\/v2\/product\/1316719","targetHints":{"allow":["GET"]}}],"collection":[{"href":"https:\/\/digibit.ee\/en\/wp-json\/wp\/v2\/product"}],"about":[{"href":"https:\/\/digibit.ee\/en\/wp-json\/wp\/v2\/types\/product"}],"wp:featuredmedia":[{"embeddable":true,"href":"https:\/\/digibit.ee\/en\/wp-json\/"}],"wp:attachment":[{"href":"https:\/\/digibit.ee\/en\/wp-json\/wp\/v2\/media?parent=1316719"}],"wp:term":[{"taxonomy":"product_brand","embeddable":true,"href":"https:\/\/digibit.ee\/en\/wp-json\/wp\/v2\/product_brand?post=1316719"},{"taxonomy":"product_cat","embeddable":true,"href":"https:\/\/digibit.ee\/en\/wp-json\/wp\/v2\/product_cat?post=1316719"},{"taxonomy":"product_tag","embeddable":true,"href":"https:\/\/digibit.ee\/en\/wp-json\/wp\/v2\/product_tag?post=1316719"}],"curies":[{"name":"wp","href":"https:\/\/api.w.org\/{rel}","templated":true}]}}