{"id":1316630,"date":"2026-02-16T10:57:10","date_gmt":"2026-02-16T08:57:10","guid":{"rendered":"https:\/\/digibit.ee\/tooted\/maaratlemata\/stanley-wildfare-go-two-bowl-cookset-ruoanvalmistussetti\/"},"modified":"2026-04-10T18:24:28","modified_gmt":"2026-04-10T15:24:28","slug":"stanley-wildfare-go-two-bowl-cookset-ruoanvalmistussetti","status":"publish","type":"product","link":"https:\/\/digibit.ee\/en\/product\/stanley-wildfare-go-two-bowl-cookset-ruoanvalmistussetti\/","title":{"rendered":"Stanley Wildfare Go Two Bowl Cookset cooking set"},"content":{"rendered":"<p>Stanley 10-09997-003. Malli: Setti, Materiaali: Ruostumaton ter\u00e4s, Tilavuus: 1 L. Paino: 440 g, Tuotteen leveys: 132 mm, Tuotteen syvyys: 113 mm. Lukum\u00e4\u00e4r\u00e4 per pakkaus: 6 kpl, Altaiden m\u00e4\u00e4r\u00e4: 2 kulhoa<\/p>\n","protected":false},"excerpt":{"rendered":"<ul>\n<li>Stainless steel<\/li>\n<li>6-piece set<\/li>\n<li>Machine washable<\/li>\n<\/ul>\n","protected":false},"featured_media":999999999,"template":"","meta":{"_acf_changed":false},"product_brand":[],"product_cat":[16762,17473,17474,16761],"product_tag":[],"class_list":{"0":"post-1316630","1":"product","2":"type-product","3":"status-publish","4":"has-post-thumbnail","6":"product_cat-matkamine-ja-matkavarustus","7":"product_cat-retkeilytarvikkeet","8":"product_cat-retkikeittimet-ja-varusteet","9":"product_cat-sport","11":"first","12":"onbackorder","13":"taxable","14":"shipping-taxable","15":"purchasable","16":"product-type-simple"},"acf":[],"_links":{"self":[{"href":"https:\/\/digibit.ee\/en\/wp-json\/wp\/v2\/product\/1316630","targetHints":{"allow":["GET"]}}],"collection":[{"href":"https:\/\/digibit.ee\/en\/wp-json\/wp\/v2\/product"}],"about":[{"href":"https:\/\/digibit.ee\/en\/wp-json\/wp\/v2\/types\/product"}],"wp:featuredmedia":[{"embeddable":true,"href":"https:\/\/digibit.ee\/en\/wp-json\/"}],"wp:attachment":[{"href":"https:\/\/digibit.ee\/en\/wp-json\/wp\/v2\/media?parent=1316630"}],"wp:term":[{"taxonomy":"product_brand","embeddable":true,"href":"https:\/\/digibit.ee\/en\/wp-json\/wp\/v2\/product_brand?post=1316630"},{"taxonomy":"product_cat","embeddable":true,"href":"https:\/\/digibit.ee\/en\/wp-json\/wp\/v2\/product_cat?post=1316630"},{"taxonomy":"product_tag","embeddable":true,"href":"https:\/\/digibit.ee\/en\/wp-json\/wp\/v2\/product_tag?post=1316630"}],"curies":[{"name":"wp","href":"https:\/\/api.w.org\/{rel}","templated":true}]}}