{"id":1314909,"date":"2026-02-16T10:54:39","date_gmt":"2026-02-16T08:54:39","guid":{"rendered":"https:\/\/digibit.ee\/tooted\/maaratlemata\/tcl-55-c6k-4k-qd-mini-led-google-tv\/"},"modified":"2026-04-19T06:19:25","modified_gmt":"2026-04-19T03:19:25","slug":"tcl-55-c6k-4k-qd-mini-led-google-tv","status":"publish","type":"product","link":"https:\/\/digibit.ee\/en\/product\/tcl-55-c6k-4k-qd-mini-led-google-tv\/","title":{"rendered":"TCL C6K 55&#8243; 4K QD Mini-LED Google TV Television"},"content":{"rendered":"<p>TCL C6K 55C6K. N\u00e4yt\u00f6n halkaisija: 139,7 cm (55&#8243;), N\u00e4yt\u00f6n erottelutarkkuus: 3840 x 2160 pikseli\u00e4, HD-tyyppi: 4K Ultra HD, N\u00e4yt\u00f6n teknologia: QD-Mini LED, N\u00e4yt\u00f6n muoto: Litte\u00e4. \u00c4lytelevisio. Liikkeen interpolointi -tekniikka: PPI (Picture Performance Index) 4100, Vakiokuvasuhde: 16:9. Digitaalisignaalimuodon j\u00e4rjestelm\u00e4: DVB-C, DVB-S2, DVB-T2. Wi-Fi, Ethernet LAN. Tuotteen v\u00e4ri: Metallinen<\/p>\n","protected":false},"excerpt":{"rendered":"<ul>\n<li>Mini-LED, Full Array backlight<\/li>\n<li>Google TV 2025 operating system<\/li>\n<li>144 Hz panel, 4K UHD, QLED<\/li>\n<li>Onkyo 2.1 speakers with 40 W power output<\/li>\n<li>Precise Dimming, 312 dimming levels<\/li>\n<\/ul>\n","protected":false},"featured_media":999999999,"template":"","meta":{"_acf_changed":false},"product_brand":[],"product_cat":[18750,18335,16741],"product_tag":[],"class_list":{"0":"post-1314909","1":"product","2":"type-product","3":"status-publish","4":"has-post-thumbnail","6":"product_cat-55-60","7":"product_cat-televiisorid","8":"product_cat-tv-ja-video","10":"first","11":"onbackorder","12":"taxable","13":"shipping-taxable","14":"purchasable","15":"product-type-simple"},"acf":[],"_links":{"self":[{"href":"https:\/\/digibit.ee\/en\/wp-json\/wp\/v2\/product\/1314909","targetHints":{"allow":["GET"]}}],"collection":[{"href":"https:\/\/digibit.ee\/en\/wp-json\/wp\/v2\/product"}],"about":[{"href":"https:\/\/digibit.ee\/en\/wp-json\/wp\/v2\/types\/product"}],"wp:featuredmedia":[{"embeddable":true,"href":"https:\/\/digibit.ee\/en\/wp-json\/"}],"wp:attachment":[{"href":"https:\/\/digibit.ee\/en\/wp-json\/wp\/v2\/media?parent=1314909"}],"wp:term":[{"taxonomy":"product_brand","embeddable":true,"href":"https:\/\/digibit.ee\/en\/wp-json\/wp\/v2\/product_brand?post=1314909"},{"taxonomy":"product_cat","embeddable":true,"href":"https:\/\/digibit.ee\/en\/wp-json\/wp\/v2\/product_cat?post=1314909"},{"taxonomy":"product_tag","embeddable":true,"href":"https:\/\/digibit.ee\/en\/wp-json\/wp\/v2\/product_tag?post=1314909"}],"curies":[{"name":"wp","href":"https:\/\/api.w.org\/{rel}","templated":true}]}}