{"id":1313894,"date":"2026-02-16T10:53:12","date_gmt":"2026-02-16T08:53:12","guid":{"rendered":"https:\/\/digibit.ee\/tooted\/maaratlemata\/oniverse-revolt-v2-langaton-peliohjain-neptune-blue-ps4\/"},"modified":"2026-04-10T18:22:27","modified_gmt":"2026-04-10T15:22:27","slug":"oniverse-revolt-v2-langaton-peliohjain-neptune-blue-ps4","status":"publish","type":"product","link":"https:\/\/digibit.ee\/en\/product\/oniverse-revolt-v2-langaton-peliohjain-neptune-blue-ps4\/","title":{"rendered":"Oniverse Revolt V2 Wireless Game Controller Neptune Blue for PS4"},"content":{"rendered":"<p>Oniverse Revolt V2. Laitteen tyyppi: Pad-ohjain, Tuetut pelialustat: Android, PC, PlayStation 4, iOS, Peliohjaimen toiminton\u00e4pp\u00e4imet: D-pad, Asetukset-painike, Jaa-painike. Yhteysteknologia: Langaton, Laitteen k\u00e4ytt\u00f6liittym\u00e4: Bluetooth, Langaton alue: 10 m. Tuotteen v\u00e4ri: Sininen. Voimanl\u00e4hde: Akku, Akkutyyppi: Sis\u00e4inen, Akun kapasiteetti: 1000 mAh. Tuotteen leveys: 157 mm, Tuotteen syvyys: 109 mm, Tuotteen korkeus: 40 mm<\/p>\n","protected":false},"excerpt":{"rendered":"<ul>\n<li>Wireless<\/li>\n<li>Programmable buttons<\/li>\n<li>Gyroscope, Turbo Mode<\/li>\n<li>3.5 mm headphone jack<\/li>\n<li>8 hours of gameplay with 2 hours of charging<\/li>\n<\/ul>\n","protected":false},"featured_media":999999999,"template":"","meta":{"_acf_changed":false},"product_brand":[],"product_cat":[17125,17173,17176,17671],"product_tag":[],"class_list":{"0":"post-1313894","1":"product","2":"type-product","3":"status-publish","4":"has-post-thumbnail","6":"product_cat-mangimine","7":"product_cat-mangupuldid-ja-tarvikud","8":"product_cat-padit","9":"product_cat-playstation-4-peliohjaimet","11":"first","12":"onbackorder","13":"taxable","14":"shipping-taxable","15":"purchasable","16":"product-type-simple"},"acf":[],"_links":{"self":[{"href":"https:\/\/digibit.ee\/en\/wp-json\/wp\/v2\/product\/1313894","targetHints":{"allow":["GET"]}}],"collection":[{"href":"https:\/\/digibit.ee\/en\/wp-json\/wp\/v2\/product"}],"about":[{"href":"https:\/\/digibit.ee\/en\/wp-json\/wp\/v2\/types\/product"}],"wp:featuredmedia":[{"embeddable":true,"href":"https:\/\/digibit.ee\/en\/wp-json\/"}],"wp:attachment":[{"href":"https:\/\/digibit.ee\/en\/wp-json\/wp\/v2\/media?parent=1313894"}],"wp:term":[{"taxonomy":"product_brand","embeddable":true,"href":"https:\/\/digibit.ee\/en\/wp-json\/wp\/v2\/product_brand?post=1313894"},{"taxonomy":"product_cat","embeddable":true,"href":"https:\/\/digibit.ee\/en\/wp-json\/wp\/v2\/product_cat?post=1313894"},{"taxonomy":"product_tag","embeddable":true,"href":"https:\/\/digibit.ee\/en\/wp-json\/wp\/v2\/product_tag?post=1313894"}],"curies":[{"name":"wp","href":"https:\/\/api.w.org\/{rel}","templated":true}]}}