{"id":1307676,"date":"2026-02-16T10:44:15","date_gmt":"2026-02-16T08:44:15","guid":{"rendered":"https:\/\/digibit.ee\/tooted\/maaratlemata\/bosch-smu4hai01s-serie-4-astianpesukone-teras\/"},"modified":"2026-04-11T09:30:50","modified_gmt":"2026-04-11T06:30:50","slug":"bosch-smu4hai01s-serie-4-astianpesukone-teras","status":"publish","type":"product","link":"https:\/\/digibit.ee\/en\/product\/bosch-smu4hai01s-serie-4-astianpesukone-teras\/","title":{"rendered":"Bosch SMU4HAI01S Serie 4 astianpesukone, ter\u00e4s"},"content":{"rendered":"<p>T\u00e4ss\u00e4 on t\u00e4ydellinen ratkaisu kiireiseen keitti\u00f6\u00f6n! Bosch SMU4HAI01S astianpesukoneessa on tilaa jopa 13 hengen astioille, ja sen hiljainen toiminta tekee siit\u00e4 t\u00e4ydellisen valinnan avokeitti\u00f6\u00f6n. Astianpesukoneessa on useita ohjelmavaihtoehtoja, kuten nopea 65\u00b0C-ohjelma sek\u00e4 automaattiohjelma. Voit my\u00f6s ohjelmoida pesun alkamaan haluamanasi ajankohtana. Energiatehokkuusluokka D varmistaa, ett\u00e4 peset astiat ymp\u00e4rist\u00f6yst\u00e4v\u00e4llisesti. Bosch SMU4HAI01S astianpesukone on t\u00e4ydellinen valinta moderniin keitti\u00f6\u00f6n.<\/p>\n<p><span data-fr-verified=\"true\" style=\"font-weight: bold\">ExtraDry<\/span><span data-fr-verified=\"true\" style=\"font-weight: 700\"><br \/><\/span>Muoviastiat j\u00e4\u00e4v\u00e4t usein m\u00e4riksi astianpesukoneessa pesun j\u00e4lkeen. T\u00e4st\u00e4 syyst\u00e4 Boschin astianpesukoneissa on ExtraDry-ohjelma. Se nostaa l\u00e4mp\u00f6tilaa viimeisess\u00e4 huuhtelussa ja pident\u00e4\u00e4 kuivausaikaa. T\u00e4ll\u00f6in my\u00f6s muoviastiat, kuten tuttipullot tai piknik-astiat tulevat hohtavanpuhtaiksi ja t\u00e4ysin kuiviksi.<\/p>\n<p><span data-fr-verified=\"true\" style=\"font-weight: bold\">Silence Plus 42 dB &#8211; Huomattavan hiljainen astianpesukone<\/span><span data-fr-verified=\"true\" style=\"font-weight: 700\"><br \/><\/span>Feature IconKukaan ei pid\u00e4 melusta. Jos arvostat rauhaa ja hiljaisuutta, Bosch Silence Plus 42 dB:n astianpesukone on ratkaisu. Se on huomattavan hiljainen ja pit\u00e4\u00e4 keitti\u00f6n rauhallisena.<\/p>\n<p><span data-fr-verified=\"true\" style=\"font-weight: bold\">Testattu hygienian laatu\ufeff &#8211; Validoitu hygieniatehokkuus<\/span><span data-fr-verified=\"true\" style=\"font-weight: 700\"><br \/><\/span>Korona- ja influenssavirusten kaltaiset virukset tuhoutuvat tehokkaasti Eco 50\u00b0C -ohjelmassa, jonka on testannut Institute for Integrative Hygiene and Virology (tason 1 hygieniamerkki). Korkeamman l\u00e4mp\u00f6tilan ohjelmilla voidaan saavuttaa huomattavasti korkeampi hygieniataso, ja ne ovat tehokkaita vastustuskykyisempi\u00e4 viruksia vastaan, kuten kuorelliset ja kuorettomat virukset. T\u00e4m\u00e4 vahvistettiin Intensive 70\u00b0C -ohjelman ja Machine Care -huoltosyklin osalta (tason 3 hygieniamerkki).<\/p>\n<p><span data-fr-verified=\"true\" style=\"font-weight: 700\">Triple Rackmatic &#8211; Kolmiportainen korkeuss\u00e4\u00e4t\u00f6 t\u00e4ynn\u00e4kin.<br \/><\/span>Feature IconRackmatic-j\u00e4rjestelm\u00e4n ansiosta yl\u00e4korin korkeutta voi s\u00e4\u00e4t\u00e4\u00e4 jopa 5 cm. Ja se onnistuu my\u00f6s kori t\u00e4ynn\u00e4. T\u00e4m\u00e4 tarkoittaa entist\u00e4kin enemm\u00e4n vaihtoehtoja ja maksimaalista mukautuvuutta.<\/p>\n<p><span data-fr-verified=\"true\" style=\"font-weight: bold\">\u00c4\u00e4niohjaus: kodinkoneesi kuuntelee sinua.<\/span><span data-fr-verified=\"true\" style=\"font-weight: 700\"><br \/><\/span>Home Connect mahdollistaa langattoman et\u00e4ohjauksen \u00e4lypuhelimella tai tablettitietokoneella. Yhteisty\u00f6kumppanimme Amazon Alexan ansiosta voit ohjata kodinkonettasi jopa puheellasi. Selvit\u00e4 onko Home Connect -toiminto (Skill) saatavilla Alexa-sovelluksessa omassa maassasi ja kielell\u00e4si. Aktivoi kyseinen &#8220;taito&#8221; ja yhdist\u00e4 Amazon Alexa kodinkoneeseesi.<\/p>\n<p><span data-fr-verified=\"true\" style=\"font-weight: bold\">Pesutablettilaskuri &#8211; Astianpesukone laskee puolestasi.<\/span><span data-fr-verified=\"true\" style=\"font-weight: 700\"><br \/><\/span>Astianpesukoneen pesuainetabletit yleens\u00e4 loppuvat juuri silloin kun tarvitsisit puhtaita astioita. Home Connect -sovelluksen tablettilaskuri seuraa pesuaineenkulutustasi ja muistuttaa, kun pesutabletit ovat loppumassa.<\/p>\n<p><span data-fr-verified=\"true\" style=\"font-weight: bold\">Push-ilmoitukset &#8211; Astianpesukoneesi pit\u00e4\u00e4 sinut ajantasalla.<\/span><span data-fr-verified=\"true\" style=\"font-weight: 700\"><br \/><\/span>On ajanhukkaan vain odotella astianpesukoneen pesuohjelman p\u00e4\u00e4ttymist\u00e4, varsinkin jos aikataulusi on kiireinen. Home Connect helpottaa el\u00e4m\u00e4\u00e4si, koska voit halutessasi saada kodinkoneeltasi ilmoituksia matkapuhelimeesi, jolloin olet aina ajan tasalla. Sinun ei tarvitse odotella pesuohjelman p\u00e4\u00e4ttymist\u00e4, vaan Home Connect -sovellus kertoo k\u00e4tev\u00e4sti pesuohjelman sen hetkisen tilan ja muuta mahdollisesti tarvitsemaasi tietoa. Multitasking ei ole koskaan ollut helpompaa.<\/p>\n<p><span data-fr-verified=\"true\" style=\"font-weight: bold\">Suosikkiohjelma &#8211; K\u00e4ynnist\u00e4 suosikkiohjelmasi yhdell\u00e4 painalluksella<\/span><span data-fr-verified=\"true\" style=\"font-weight: 700\"><br \/><\/span>Ota ilo irti verkkoonliitetyst\u00e4 astianpesukoneestasi ja helpota el\u00e4m\u00e4\u00e4si. Suosikkiohjelman avulla voit m\u00e4\u00e4ritt\u00e4\u00e4 eniten k\u00e4ytetyt ohjelmat ja asetukset suosikkiyhdistelm\u00e4ksi. Ohjelmoitu asetus voidaan k\u00e4ynnist\u00e4\u00e4 Home Connect -sovelluksen kautta tai suoraan n\u00e4yt\u00f6lt\u00e4. Yhdist\u00e4 esimerkiksi Extra Dry -vaihtoehto Eco 50\u00b0 -ohjelmaan ja k\u00e4ynnist\u00e4 astianpesukone yhdell\u00e4 kosketuksella.<\/p>\n<p><span data-fr-verified=\"true\" style=\"font-weight: bold\">Ohjelman lataus &#8211; Lataa ohjelmia, jotka sopivat arkeesi t\u00e4ydellisesti.\ufeff<\/span><span data-fr-verified=\"true\" style=\"font-weight: 700\"><br \/><\/span>Astianpesukonetta k\u00e4ytett\u00e4ess\u00e4 voi joskus k\u00e4yd\u00e4 niin, ett\u00e4 ohjelma ei ihan sovikaan yksil\u00f6llisiin tarpeisiisi. Ohjelman latauksella varustetut Bosch-astianpesukoneet tarjoavat mahdollisuuden ladata laitteeseen lis\u00e4ohjelmia Home Connect -sovelluksen kautta. Ohjelman lataus takaa t\u00e4ydellisen astianpesutuloksen juuri sinun tarpeisiisi sopivien ohjelmien ansiosta.\ufeff<\/p>\n<p><span data-fr-verified=\"true\" style=\"font-weight: bold\">Ohjelma-avustaja &#8211; \u00c4lyk\u00e4s ohjelman valinta<\/span><span data-fr-verified=\"true\" style=\"font-weight: 700\"><br \/><\/span>Mietitk\u00f6, mit\u00e4 ohjelmaa astianpesussa kannattaisi k\u00e4ytt\u00e4\u00e4? Ohjelma-avustajalla valinta on helppoa. Vastaa muutamaan kysymykseen Home Connect -sovelluksessa astioiden tyypist\u00e4 ja likaisuudesta sek\u00e4 henkil\u00f6kohtaisista mieltymyksist\u00e4si liittyen esimerkiksi energiatehokkuuteen, toivottuun kuivuuteen, pesun kestoon ja hiljaisuuteen, niin j\u00e4rjestelm\u00e4 suosittelee oikeaa ohjelmaa. Paina k\u00e4ynnistyst\u00e4. Saat t\u00e4ydellisen puhtaat astiat mahdollisimman v\u00e4h\u00e4ll\u00e4 vaivalla.\ufeff<\/p>\n<p><span data-fr-verified=\"true\" style=\"font-weight: bold\">Remote Diagnostics\ufeff -et\u00e4diagnostiikka &#8211; Et\u00e4tuki virheen sattuessa<\/span><span data-fr-verified=\"true\" style=\"font-weight: 700\"><br \/><\/span>Voi olla stressaavaa, jos kodinkoneesi eiv\u00e4t toimi niin kuin niiden pit\u00e4isi. Remote Diagnostics -et\u00e4diagnostiikka auttaa.Soita Boschin asiakaspalveluun, niin luvallasi Bosch-asiakaspalvelu tutkii kodinkoneesi et\u00e4yhteyden kautta, paikantaa ongelman ja antaa sinulle selke\u00e4t ohjeet ongelman ratkaisemiseksi. Jos ongelmaa ei voida ratkaista, Bosch voi ilmoittaa huoltoteknikolle, joka voi tulla kotiisi ratkaisemaan laitteen ongelmat, kaikki tarvittavat osat valmiina mukanaan. \u00c4lyk\u00e4st\u00e4 tukea, \u00e4lykk\u00e4it\u00e4 ratkaisuja.<\/p>\n<p><span data-fr-verified=\"true\" style=\"font-weight: bold\">AquaStop &#8211; Astianpesukoneen vuodot ovat menneisyytt\u00e4.<\/span><span data-fr-verified=\"true\" style=\"font-weight: 700\"><br \/><\/span>Vesivahinkojen est\u00e4minen on t\u00e4rke\u00e4 astianpesukoneen ominaisuus. Boschin AquaStop-j\u00e4rjestelm\u00e4 est\u00e4\u00e4 vuodot t\u00e4ysin. Jos j\u00e4rjestelm\u00e4n anturi tunnistaa vuodon, laite lopettaa toiminnan v\u00e4litt\u00f6m\u00e4sti ja pumppaa veden pois kaksinkertaisella sein\u00e4m\u00e4ll\u00e4 varustetun letkun kautta. Bosch AquaStop antaa suojaa vesivahinkoja vastaan, ja se on voimassa koko laitteen elini\u00e4n.<\/p>\n<p><span data-fr-verified=\"true\" style=\"font-weight: bold\">ActiveWater &#8211; V\u00e4hemm\u00e4n vett\u00e4, v\u00e4hemm\u00e4n energiaa, enemm\u00e4n tehoa.<\/span><span data-fr-verified=\"true\" style=\"font-weight: 700\"><br \/><\/span>T\u00e4m\u00e4 innovatiivinen pesuteknologia maksimoi tehon varmistaen ymp\u00e4rist\u00f6yst\u00e4v\u00e4llisemm\u00e4n pesun ja erinomaisen pesutuloksen. Kohdennettu vedenjakelu, optimoitu suodatintekniikka, nopeampi l\u00e4mmitys ja suurempi vedenkierron pumpputeho mahdollistavat pienemm\u00e4n veden- ja energiankulutuksen.<\/p>\n<p><span data-fr-verified=\"true\" style=\"font-weight: bold\">Eco Silence DriveTM &#8211; Energiatehokas, hiljainen ja kest\u00e4v\u00e4 moottori.<\/span><span data-fr-verified=\"true\" style=\"font-weight: 700\"><br \/><\/span>Voidaksesi pest\u00e4 viel\u00e4 tehokkaammin, olemme kehitt\u00e4neet taloudellisen Eco Silence Drive -moottorin. Sille on ominaista nopeus, energiatehokkuus ja pieni virrankulutus. Hiiliharjaton moottori on hyvin hiljainen ja vakuuttaa erinomaisilla pesutuloksillaan.<\/p>\n<p><span data-fr-verified=\"true\" style=\"font-weight: bold\">PesuaineAnnostelija &#8211; Paras tulos liukenevalla pesuaineella.<\/span><span data-fr-verified=\"true\" style=\"font-weight: 700\"><br \/><\/span>PesuaineAnnostelija takaa optimaalisen pesutuloksen ja hiljaisemman pesuprosessin. Puhdistusaine putoaa pesuainelokerosta yl\u00e4korin erityiseen altaaseen, josta se liukenee tehokkaasti.<\/p>\n<p><span data-fr-verified=\"true\" style=\"font-weight: bold\">Automaattiohjelmat<\/span><span data-fr-verified=\"true\" style=\"font-weight: 700\"><br \/><\/span>Varmista optimaalinen puhdistusteho automaattisesti. Veden k\u00e4ytt\u00f6, veden l\u00e4mp\u00f6tila ja huuhteluaika s\u00e4\u00e4det\u00e4\u00e4n tarkasti likaisuustason mukaan, jolloin optimaaliset pesutulokset saavutetaan vett\u00e4 ja energiaa s\u00e4\u00e4st\u00e4m\u00e4ll\u00e4.<\/p>\n<p><\/p>\n<div><span data-fr-verified=\"true\" style=\"font-weight: bold\">Tekniset tiedot<\/span><\/div>\n<ul>\n<li>Energialuokka: D<\/li>\n<li>Energiankulutus: 84 kWh \/ vuosi<\/li>\n<li>T\u00e4ytt\u00f6m\u00e4\u00e4r\u00e4: 13 astiastoa<\/li>\n<li>\u00c4\u00e4nitaso: 42 dB \/ Silence 41 dB<\/li>\n<li>6 pesuohjelmaa: Eco, Auto, Intensiivinen, Express 65\u00b0, Silence, Esihuuhtelu<\/li>\n<li>4 erikoistoimintoa: Home Connect et\u00e4k\u00e4ynnistys, Extra Dry, HalfLoad-puolit\u00e4ytt\u00f6, SpeedPerfect+<\/li>\n<li>Suosikkiohjelma: suoravalintapainike haluamallesi pesuohjelmalle<\/li>\n<li>Machine Care -astianpesukoneen puhdistusohjelma<\/li>\n<li>Lis\u00e4toiminnot Home Connect -sovelluksessa: HygienePlus, Silence on demand<\/li>\n<li>WiFi-yhteys: verkkoon liitett\u00e4v\u00e4 kodinkone, jota ohjaat ja tarkkailet my\u00f6s Home Connect -sovelluksella<\/li>\n<li>Elektroninen j\u00e4ljell\u00e4 olevan pesuajan n\u00e4ytt\u00f6<\/li>\n<li>Ohjauspaneelin tekstit englanniksi<\/li>\n<li>K\u00e4ynnistysajastin 1-24 h<\/li>\n<li>Lapsilukitus valitsimille<\/li>\n<li>Flex-korij\u00e4rjestelm\u00e4<\/li>\n<li>Siirrett\u00e4v\u00e4 ruokailuv\u00e4linekori alakorissa<\/li>\n<li>Yl\u00e4korissa 2 kuppitelinett\u00e4<\/li>\n<li>Yl\u00e4korissa veitsiteline<\/li>\n<li>RackMatic\u00ae \u2012 korin 3-tasoinen korkeuss\u00e4\u00e4t\u00f6<\/li>\n<li>2 k\u00e4\u00e4nnett\u00e4v\u00e4\u00e4 telinett\u00e4 yl\u00e4korissa<\/li>\n<li>2 k\u00e4\u00e4nnett\u00e4v\u00e4\u00e4 lautastelinett\u00e4 alakorissa<\/li>\n<li style=\"list-style-type: none\"><\/li>\n<li>Sensorit: AquaSensor<\/li>\n<li>Kolmekerroksinen itsepuhdistuva suodatinj\u00e4rjestelm\u00e4<\/li>\n<li>Pesutilan materiaali: ter\u00e4s<\/li>\n<li>EcoSilence Drive \u2012 hiljainen ja kest\u00e4v\u00e4 hiiliharjaton moottori<\/li>\n<li>AquaStop-turvaj\u00e4rjestelm\u00e4 est\u00e4\u00e4 vesivahingot<\/li>\n<li>Tuloveden maksimi l\u00e4mp\u00f6tila: 60 \u00b0C<\/li>\n<li>Tulovesiletkun pituus: 165 cm<\/li>\n<li>Poistoletkun pituus: 190 cm<\/li>\n<li>Virtajohdon pituus: 175 cm<\/li>\n<li>Mitat K x L x S (mm): 815-875 x 598 x 573<\/li>\n<li>Syvyys luukun ollessa auki 90 astetta: 1150 mm<\/li>\n<li>Paino: 34,9 kg<\/li>\n<\/ul>\n<p><\/p>\n<p><strong>Rekister\u00f6i uusi Bosch-kodinkoneesi MyBosch-sivustolle 14 p\u00e4iv\u00e4n sis\u00e4ll\u00e4 ostop\u00e4iv\u00e4st\u00e4 ja saat 100 p\u00e4iv\u00e4n palautusoikeuden. Lue lis\u00e4\u00e4 ja rekister\u00f6idy <a href=\"https:\/\/www.bosch-home.fi\/uutiset-ja-kampanjat\/100-paivan-palautusoikeus\" rel=\"nofollow\" target=\"_blank\">MyBosch-sivustolla.<\/a><\/strong><\/p>\n","protected":false},"excerpt":{"rendered":"<ul>\n<li>Energialuokka D<\/li>\n<li>T\u00e4ytt\u00f6m\u00e4\u00e4r\u00e4 13 astiastoa<\/li>\n<li>\u00c4\u00e4nitaso 42 dB \/ Silence 41 dB<\/li>\n<li>ExtraDry<\/li>\n<li>Home Connect<\/li>\n<\/ul>\n","protected":false},"featured_media":999999999,"template":"","meta":{"_acf_changed":false},"product_brand":[],"product_cat":[16967],"product_tag":[],"class_list":{"0":"post-1307676","1":"product","2":"type-product","3":"status-publish","4":"has-post-thumbnail","6":"product_cat-kodumasinad","8":"first","9":"onbackorder","10":"taxable","11":"shipping-taxable","12":"purchasable","13":"product-type-simple"},"acf":[],"_links":{"self":[{"href":"https:\/\/digibit.ee\/en\/wp-json\/wp\/v2\/product\/1307676","targetHints":{"allow":["GET"]}}],"collection":[{"href":"https:\/\/digibit.ee\/en\/wp-json\/wp\/v2\/product"}],"about":[{"href":"https:\/\/digibit.ee\/en\/wp-json\/wp\/v2\/types\/product"}],"wp:featuredmedia":[{"embeddable":true,"href":"https:\/\/digibit.ee\/en\/wp-json\/"}],"wp:attachment":[{"href":"https:\/\/digibit.ee\/en\/wp-json\/wp\/v2\/media?parent=1307676"}],"wp:term":[{"taxonomy":"product_brand","embeddable":true,"href":"https:\/\/digibit.ee\/en\/wp-json\/wp\/v2\/product_brand?post=1307676"},{"taxonomy":"product_cat","embeddable":true,"href":"https:\/\/digibit.ee\/en\/wp-json\/wp\/v2\/product_cat?post=1307676"},{"taxonomy":"product_tag","embeddable":true,"href":"https:\/\/digibit.ee\/en\/wp-json\/wp\/v2\/product_tag?post=1307676"}],"curies":[{"name":"wp","href":"https:\/\/api.w.org\/{rel}","templated":true}]}}