{"id":1301587,"date":"2026-02-16T10:35:38","date_gmt":"2026-02-16T08:35:38","guid":{"rendered":"https:\/\/digibit.ee\/tooted\/maaratlemata\/kisai-vivo-pianotuoli-mattamusta\/"},"modified":"2026-04-11T09:27:40","modified_gmt":"2026-04-11T06:27:40","slug":"kisai-vivo-pianotuoli-mattamusta","status":"publish","type":"product","link":"https:\/\/digibit.ee\/en\/product\/kisai-vivo-pianotuoli-mattamusta\/","title":{"rendered":"Kisai Vivo -pianotuoli, mattamusta"},"content":{"rendered":"<p>Kisai Vivo on korkeuss\u00e4\u00e4dett\u00e4v\u00e4 pianopenkki kaikille kosketinsoittimille. Laadukas sek\u00e4 tukeva rakenne antaa penkille pitk\u00e4n k\u00e4ytt\u00f6 i\u00e4n ja pehme\u00e4 istuinalusta takaa mukavuuden musiikin parissa vaikka useaksi tunniksi.<\/p>\n<ul>\n<li>Mitat: 640 mm x 340 mm x 470 &#8211; 550 mm<\/li>\n<li>S\u00e4\u00e4dett\u00e4v\u00e4 korkeus: 470 &#8211; 550 mm<\/li>\n<li>Puurunko<\/li>\n<\/ul>\n<p><!-- pianotuoli piano tuoli --><\/p>\n","protected":false},"excerpt":{"rendered":"<ul>\n<li>Mitat: 640 mm x 340 mm<\/li>\n<li>S\u00e4\u00e4dett\u00e4v\u00e4 korkeus: 470 &#8211; 550 mm<\/li>\n<li>Puurunko<\/li>\n<\/ul>\n","protected":false},"featured_media":999999999,"template":"","meta":{"_acf_changed":false},"product_brand":[],"product_cat":[16860],"product_tag":[],"class_list":{"0":"post-1301587","1":"product","2":"type-product","3":"status-publish","4":"has-post-thumbnail","6":"product_cat-muusika","8":"first","9":"onbackorder","10":"taxable","11":"shipping-taxable","12":"purchasable","13":"product-type-simple"},"acf":[],"_links":{"self":[{"href":"https:\/\/digibit.ee\/en\/wp-json\/wp\/v2\/product\/1301587","targetHints":{"allow":["GET"]}}],"collection":[{"href":"https:\/\/digibit.ee\/en\/wp-json\/wp\/v2\/product"}],"about":[{"href":"https:\/\/digibit.ee\/en\/wp-json\/wp\/v2\/types\/product"}],"wp:featuredmedia":[{"embeddable":true,"href":"https:\/\/digibit.ee\/en\/wp-json\/"}],"wp:attachment":[{"href":"https:\/\/digibit.ee\/en\/wp-json\/wp\/v2\/media?parent=1301587"}],"wp:term":[{"taxonomy":"product_brand","embeddable":true,"href":"https:\/\/digibit.ee\/en\/wp-json\/wp\/v2\/product_brand?post=1301587"},{"taxonomy":"product_cat","embeddable":true,"href":"https:\/\/digibit.ee\/en\/wp-json\/wp\/v2\/product_cat?post=1301587"},{"taxonomy":"product_tag","embeddable":true,"href":"https:\/\/digibit.ee\/en\/wp-json\/wp\/v2\/product_tag?post=1301587"}],"curies":[{"name":"wp","href":"https:\/\/api.w.org\/{rel}","templated":true}]}}