{"id":1228848,"date":"2026-02-10T00:12:43","date_gmt":"2026-02-09T22:12:43","guid":{"rendered":"https:\/\/digibit.ee\/?post_type=product&#038;p=1228848"},"modified":"2026-04-10T12:19:52","modified_gmt":"2026-04-10T09:19:52","slug":"moza-racing-truck-wheel-ratti","status":"publish","type":"product","link":"https:\/\/digibit.ee\/en\/product\/moza-racing-truck-wheel-ratti\/","title":{"rendered":"Moza Racing Truck Wheel -ratti"},"content":{"rendered":"<p>Moza Racing tuo markkinoille ensimm\u00e4isen\u00e4 erityisesti rekka- ja bussisimulaattoreihin suunnatun ratin. Ratin halkaisija on 400 mm ja siit\u00e4 l\u00f6ytyy rekoista tuttu nelipuolainen rakenne. Ratti on p\u00e4\u00e4llystetty keinonahalla tarjoten kest\u00e4vyytt\u00e4 ja hyv\u00e4\u00e4 pitoa.<\/p>\n<p>Ratin runko on valmistettu alumiiniseoksesta joka mahdollistaa kest\u00e4v\u00e4n ja kevyen rungon. Ratista l\u00f6ytyy 14 erillist\u00e4 taustavalaistua painiketta jotka on varustettu tarkoitukseen sopivilla ikoneilla. Taustavalojen v\u00e4ri\u00e4 voi halutessaan vaihtaa mihin tahansa v\u00e4riin. Ratti on varustettu my\u00f6s kymmenen LED-valon kierroslukumittarilla. Kaksi peukalorullaa mahdollistaa entist\u00e4 paremmat mahdollisuudet kontrolloida ajamistasi ja esimerkiksi valikoissa liikkuminen hoituu hienosti kahdella ultra-ohuella joystickill\u00e4.<\/p>\n<p>Ratti on yhteensopiva kaikkien olemassa olevien Moza Racing -rattirunkojen kanssa.<\/p>\n<p>Muista my\u00f6s <a href=\"https:\/\/www.verkkokauppa.com\/fi\/product\/922378\/Moza-Racing-Clamp-For-TSW-Truck-Wheel-poytakiinnike\" rel=\"nofollow\" target=\"_blank\">Moza Racing Clamp<\/a> maksimoidaksesi ajokokemuksesi.<\/p>\n<p><strong>Paketin sis\u00e4lt\u00f6: Moza Racing TSW Truck Wheel (mukana ei tule kuvissa n\u00e4kyv\u00e4\u00e4 rattirunkoa)<br \/><\/strong><\/p>\n","protected":false},"excerpt":{"rendered":"<ul>\n<li>400 mm halkaisija<\/li>\n<li>Alumiinirunko<\/li>\n<li>14 painiketta<\/li>\n<\/ul>\n","protected":false},"featured_media":999999999,"template":"","meta":{"_acf_changed":false},"product_brand":[],"product_cat":[17125,17173,17174,17352],"product_tag":[],"class_list":{"0":"post-1228848","1":"product","2":"type-product","3":"status-publish","4":"has-post-thumbnail","6":"product_cat-mangimine","7":"product_cat-mangupuldid-ja-tarvikud","8":"product_cat-pc-peliohjaimet","9":"product_cat-ratit-ja-polkimet","11":"first","12":"onbackorder","13":"taxable","14":"shipping-taxable","15":"purchasable","16":"product-type-simple"},"acf":[],"_links":{"self":[{"href":"https:\/\/digibit.ee\/en\/wp-json\/wp\/v2\/product\/1228848","targetHints":{"allow":["GET"]}}],"collection":[{"href":"https:\/\/digibit.ee\/en\/wp-json\/wp\/v2\/product"}],"about":[{"href":"https:\/\/digibit.ee\/en\/wp-json\/wp\/v2\/types\/product"}],"wp:featuredmedia":[{"embeddable":true,"href":"https:\/\/digibit.ee\/en\/wp-json\/"}],"wp:attachment":[{"href":"https:\/\/digibit.ee\/en\/wp-json\/wp\/v2\/media?parent=1228848"}],"wp:term":[{"taxonomy":"product_brand","embeddable":true,"href":"https:\/\/digibit.ee\/en\/wp-json\/wp\/v2\/product_brand?post=1228848"},{"taxonomy":"product_cat","embeddable":true,"href":"https:\/\/digibit.ee\/en\/wp-json\/wp\/v2\/product_cat?post=1228848"},{"taxonomy":"product_tag","embeddable":true,"href":"https:\/\/digibit.ee\/en\/wp-json\/wp\/v2\/product_tag?post=1228848"}],"curies":[{"name":"wp","href":"https:\/\/api.w.org\/{rel}","templated":true}]}}